{"id":6906,"date":"2022-03-22T10:47:09","date_gmt":"2022-03-22T10:47:09","guid":{"rendered":"https:\/\/atravel.win\/?page_id=6906"},"modified":"2022-07-20T14:06:46","modified_gmt":"2022-07-20T14:06:46","slug":"qatar","status":"publish","type":"page","link":"https:\/\/atravel.win\/pt\/destinations\/qatar\/","title":{"rendered":"Catar"},"content":{"rendered":"<div data-elementor-type=\"wp-page\" data-elementor-id=\"6906\" class=\"elementor elementor-6906\">\n\t\t\t\t\t\t\t\t\t<section class=\"elementor-section elementor-top-section elementor-element elementor-element-dad4c0e elementor-section-height-min-height elementor-section-items-stretch elementor-section-content-middle elementor-section-boxed elementor-section-height-default\" data-id=\"dad4c0e\" data-element_type=\"section\" data-settings=\"{&quot;background_background&quot;:&quot;classic&quot;}\">\n\t\t\t\t\t\t\t<div class=\"elementor-background-overlay\"><\/div>\n\t\t\t\t\t\t\t<div class=\"elementor-container elementor-column-gap-default\">\n\t\t\t\t\t<div class=\"elementor-column elementor-col-100 elementor-top-column elementor-element elementor-element-3262db9\" data-id=\"3262db9\" data-element_type=\"column\">\n\t\t\t<div class=\"elementor-widget-wrap elementor-element-populated\">\n\t\t\t\t\t\t\t\t<div class=\"elementor-element elementor-element-5ee04a9 elementor-widget elementor-widget-heading\" data-id=\"5ee04a9\" data-element_type=\"widget\" data-widget_type=\"heading.default\">\n\t\t\t\t<div class=\"elementor-widget-container\">\n\t\t\t<style>\/*! elementor - v3.6.1 - 23-03-2022 *\/\n.elementor-heading-title{padding:0;margin:0;line-height:1}.elementor-widget-heading .elementor-heading-title[class*=elementor-size-]>a{color:inherit;font-size:inherit;line-height:inherit}.elementor-widget-heading .elementor-heading-title.elementor-size-small{font-size:15px}.elementor-widget-heading .elementor-heading-title.elementor-size-medium{font-size:19px}.elementor-widget-heading .elementor-heading-title.elementor-size-large{font-size:29px}.elementor-widget-heading .elementor-heading-title.elementor-size-xl{font-size:39px}.elementor-widget-heading .elementor-heading-title.elementor-size-xxl{font-size:59px}<\/style><h1 class=\"elementor-heading-title elementor-size-default\">Catar<\/h1>\t\t<\/div>\n\t\t\t\t<\/div>\n\t\t\t\t\t<\/div>\n\t\t<\/div>\n\t\t\t\t\t\t\t<\/div>\n\t\t<\/section>\n\t\t\t\t<section class=\"elementor-section elementor-top-section elementor-element elementor-element-a9aafc5 elementor-section-boxed elementor-section-height-default elementor-section-height-default\" data-id=\"a9aafc5\" data-element_type=\"section\">\n\t\t\t\t\t\t<div class=\"elementor-container elementor-column-gap-default\">\n\t\t\t\t\t<div class=\"elementor-column elementor-col-100 elementor-top-column elementor-element elementor-element-8fd34c7\" data-id=\"8fd34c7\" data-element_type=\"column\">\n\t\t\t<div class=\"elementor-widget-wrap elementor-element-populated\">\n\t\t\t\t\t\t\t\t<div class=\"elementor-element elementor-element-bd816bd elementor-widget elementor-widget-text-editor\" data-id=\"bd816bd\" data-element_type=\"widget\" data-widget_type=\"text-editor.default\">\n\t\t\t\t<div class=\"elementor-widget-container\">\n\t\t\t<style>\/*! elementor - v3.6.1 - 23-03-2022 *\/\n.elementor-widget-text-editor.elementor-drop-cap-view-stacked .elementor-drop-cap{background-color:#818a91;color:#fff}.elementor-widget-text-editor.elementor-drop-cap-view-framed .elementor-drop-cap{color:#818a91;border:3px solid;background-color:transparent}.elementor-widget-text-editor:not(.elementor-drop-cap-view-default) .elementor-drop-cap{margin-top:8px}.elementor-widget-text-editor:not(.elementor-drop-cap-view-default) .elementor-drop-cap-letter{width:1em;height:1em}.elementor-widget-text-editor .elementor-drop-cap{float:left;text-align:center;line-height:1;font-size:50px}.elementor-widget-text-editor .elementor-drop-cap-letter{display:inline-block}<\/style>\t\t\t\t<p><span lang=\"en-US\">O Catar, um pequeno estado \u00e1rabe, tem suas pr\u00f3prias vantagens. O sol brilha aqui durante todo o ano e as praias de areia branca est\u00e3o abertas para os turistas. A praia p\u00fablica mais popular \u00e9 a Sealine Beach, em Mesaieed. Al\u00e9m de banhos de sol e nata\u00e7\u00e3o, seus visitantes podem desfrutar de atividades locais como passeios de camelo, passeios de saf\u00e1ri e batidas de dunas. Outra j\u00f3ia do Catar \u00e9 o Mar Interior. Esta reserva natural \u00e9 reconhecida pela UNESCO e se adequa bem \u00e0 pesca e ao acampamento. Sua fauna \u00e9 representada por v\u00e1rios tipos de peixes, tartarugas, assim como corvos marinhos, andorinhas-do-mar e flamingos. Pela manh\u00e3, esta \u00e1rea parece um resort na margem de um lago, mas \u00e0 noite, quando o mar recua, a praia se transforma novamente em deserto e as dunas mudam sua cor em dourado. A Ilha Bin Ghannam, tamb\u00e9m conhecida como Ilha P\u00farpura, \u00e9 um local de visita obrigat\u00f3ria. A apenas uma hora de carro de Doha, fa\u00e7a uma viagem de um dia a esta maravilha da natureza. <\/span><\/p><p><span lang=\"en-US\">Al\u00e9m das praias e locais naturais, em 2022 acontecer\u00e1 um evento de escala mundial aqui, no Catar. E sim, estamos falando sobre a Copa do Mundo da FIFA. Os amantes do futebol de todo o mundo vir\u00e3o aqui. Capital do pa\u00eds, Doha encontrar\u00e1 seus convidados com um amplo espectro de atividades internas e externas. Na cidade voc\u00ea ver\u00e1 8 est\u00e1dios projetados por arquitetos mundialmente famosos em um estilo muito moderno, parques espa\u00e7osos com zonas para esportes e recrea\u00e7\u00e3o, assim como muitos caf\u00e9s e restaurantes para todos os gostos. <\/span><\/p>\t\t\t\t\t\t<\/div>\n\t\t\t\t<\/div>\n\t\t\t\t\t<\/div>\n\t\t<\/div>\n\t\t\t\t\t\t\t<\/div>\n\t\t<\/section>\n\t\t\t\t<section class=\"elementor-section elementor-top-section elementor-element elementor-element-5bdbb67 elementor-section-boxed elementor-section-height-default elementor-section-height-default\" data-id=\"5bdbb67\" data-element_type=\"section\">\n\t\t\t\t\t\t<div class=\"elementor-container elementor-column-gap-default\">\n\t\t\t\t\t<div class=\"elementor-column elementor-col-100 elementor-top-column elementor-element elementor-element-20981f8\" data-id=\"20981f8\" data-element_type=\"column\">\n\t\t\t<div class=\"elementor-widget-wrap elementor-element-populated\">\n\t\t\t\t\t\t\t\t<div class=\"elementor-element elementor-element-f903780 elementor-widget elementor-widget-image-carousel\" data-id=\"f903780\" data-element_type=\"widget\" data-settings=\"{&quot;slides_to_show&quot;:&quot;3&quot;,&quot;slides_to_scroll&quot;:&quot;1&quot;,&quot;navigation&quot;:&quot;none&quot;,&quot;autoplay&quot;:&quot;yes&quot;,&quot;pause_on_hover&quot;:&quot;yes&quot;,&quot;pause_on_interaction&quot;:&quot;yes&quot;,&quot;autoplay_speed&quot;:5000,&quot;infinite&quot;:&quot;yes&quot;,&quot;speed&quot;:500,&quot;image_spacing_custom&quot;:{&quot;unit&quot;:&quot;px&quot;,&quot;size&quot;:20,&quot;sizes&quot;:[]}}\" data-widget_type=\"image-carousel.default\">\n\t\t\t\t<div class=\"elementor-widget-container\">\n\t\t\t<style>\/*! elementor - v3.6.1 - 23-03-2022 *\/\n.elementor-widget-image-carousel .swiper-container{position:static}.elementor-widget-image-carousel .swiper-container .swiper-slide figure{line-height:inherit}.elementor-widget-image-carousel .swiper-slide{text-align:center}.elementor-image-carousel-wrapper:not(.swiper-container-initialized) .swiper-slide{max-width:calc(100% \/ var(--e-image-carousel-slides-to-show, 3))}<\/style>\t\t<div class=\"elementor-image-carousel-wrapper swiper-container\" dir=\"ltr\">\n\t\t\t<div class=\"elementor-image-carousel swiper-wrapper swiper-image-stretch\">\n\t\t\t\t\t\t\t\t<div class=\"swiper-slide\"><figure class=\"swiper-slide-inner\"><img decoding=\"async\" class=\"swiper-slide-image\" src=\"https:\/\/atravel.win\/wp-content\/uploads\/2022\/03\/qatar-1.png\" alt=\"qatar (1)\" \/><\/figure><\/div><div class=\"swiper-slide\"><figure class=\"swiper-slide-inner\"><img decoding=\"async\" class=\"swiper-slide-image\" src=\"https:\/\/atravel.win\/wp-content\/uploads\/2022\/03\/qatar-2.png\" alt=\"qatar (2)\" \/><\/figure><\/div><div class=\"swiper-slide\"><figure class=\"swiper-slide-inner\"><img decoding=\"async\" class=\"swiper-slide-image\" src=\"https:\/\/atravel.win\/wp-content\/uploads\/2022\/03\/qatar-3.png\" alt=\"qatar (3)\" \/><\/figure><\/div>\t\t\t<\/div>\n\t\t\t\t\t\t\t\t\t\t\t\t\t\t\t\t<\/div>\n\t\t\t\t<\/div>\n\t\t\t\t<\/div>\n\t\t\t\t\t<\/div>\n\t\t<\/div>\n\t\t\t\t\t\t\t<\/div>\n\t\t<\/section>\n\t\t\t\t\t\t\t<\/div>","protected":false},"excerpt":{"rendered":"<p>Qatar Qatar, a small Arab state, has its own advantages. Sun shines here all year round and white-sand beaches are open for tourists. The most popular public beach is the Sealine Beach in Mesaieed. Apart from sun-bathing and swimming, its visitors can enjoy such local activities as camel riding, safari tours and dune bashing. Another&#8230;<\/p>","protected":false},"author":1,"featured_media":7341,"parent":5907,"menu_order":0,"comment_status":"closed","ping_status":"closed","template":"","meta":{"footnotes":""},"class_list":["post-6906","page","type-page","status-publish","has-post-thumbnail","hentry"],"yoast_head":"<!-- This site is optimized with the Yoast SEO Premium plugin v17.1 (Yoast SEO v17.1) - https:\/\/yoast.com\/wordpress\/plugins\/seo\/ -->\n<title>Qatar: Inland Sea and FIFA World Cup<\/title>\n<meta name=\"description\" content=\"The most popular public beach in Qatar is the Sealine Beach in Mesaieed. Visit the jewel of Qatar Inland Sea. Purple Island is a must-visit location. In 2022 FIFA World Cup will take place in Qatar.\" \/>\n<meta name=\"robots\" content=\"index, follow, max-snippet:-1, max-image-preview:large, max-video-preview:-1\" \/>\n<link rel=\"canonical\" href=\"https:\/\/atravel.win\/pt\/destinations\/qatar\/\" \/>\n<meta property=\"og:locale\" content=\"pt_PT\" \/>\n<meta property=\"og:type\" content=\"article\" \/>\n<meta property=\"og:title\" content=\"Qatar: Inland Sea and FIFA World Cup\" \/>\n<meta property=\"og:description\" content=\"The most popular public beach in Qatar is the Sealine Beach in Mesaieed. Visit the jewel of Qatar Inland Sea. Purple Island is a must-visit location. In 2022 FIFA World Cup will take place in Qatar.\" \/>\n<meta property=\"og:url\" content=\"https:\/\/atravel.win\/pt\/destinations\/qatar\/\" \/>\n<meta property=\"og:site_name\" content=\"Atravel.win\" \/>\n<meta property=\"article:modified_time\" content=\"2022-07-20T14:06:46+00:00\" \/>\n<meta property=\"og:image\" content=\"https:\/\/atravel.win\/wp-content\/uploads\/2022\/03\/26.png\" \/>\n\t<meta property=\"og:image:width\" content=\"1800\" \/>\n\t<meta property=\"og:image:height\" content=\"650\" \/>\n<meta name=\"twitter:card\" content=\"summary_large_image\" \/>\n<meta name=\"twitter:title\" content=\"Qatar: Inland Sea and FIFA World Cup\" \/>\n<meta name=\"twitter:description\" content=\"The most popular public beach in Qatar is the Sealine Beach in Mesaieed. Visit the jewel of Qatar Inland Sea. Purple Island is a must-visit location. In 2022 FIFA World Cup will take place in Qatar.\" \/>\n<meta name=\"twitter:label1\" content=\"Tempo estimado de leitura\" \/>\n\t<meta name=\"twitter:data1\" content=\"3 minutos\" \/>\n<script type=\"application\/ld+json\" class=\"yoast-schema-graph\">{\"@context\":\"https:\/\/schema.org\",\"@graph\":[{\"@type\":\"WebSite\",\"@id\":\"https:\/\/atravel.win\/#website\",\"url\":\"https:\/\/atravel.win\/\",\"name\":\"Atravel.win\",\"description\":\"Just another WordPress site\",\"potentialAction\":[{\"@type\":\"SearchAction\",\"target\":{\"@type\":\"EntryPoint\",\"urlTemplate\":\"https:\/\/atravel.win\/?s={search_term_string}\"},\"query-input\":\"required name=search_term_string\"}],\"inLanguage\":\"pt-PT\"},{\"@type\":\"ImageObject\",\"@id\":\"https:\/\/atravel.win\/destinations\/qatar\/#primaryimage\",\"inLanguage\":\"pt-PT\",\"url\":\"https:\/\/atravel.win\/wp-content\/uploads\/2022\/03\/26.png\",\"contentUrl\":\"https:\/\/atravel.win\/wp-content\/uploads\/2022\/03\/26.png\",\"width\":1800,\"height\":650},{\"@type\":\"WebPage\",\"@id\":\"https:\/\/atravel.win\/destinations\/qatar\/#webpage\",\"url\":\"https:\/\/atravel.win\/destinations\/qatar\/\",\"name\":\"Qatar: Inland Sea and FIFA World Cup\",\"isPartOf\":{\"@id\":\"https:\/\/atravel.win\/#website\"},\"primaryImageOfPage\":{\"@id\":\"https:\/\/atravel.win\/destinations\/qatar\/#primaryimage\"},\"datePublished\":\"2022-03-22T10:47:09+00:00\",\"dateModified\":\"2022-07-20T14:06:46+00:00\",\"description\":\"The most popular public beach in Qatar is the Sealine Beach in Mesaieed. Visit the jewel of Qatar Inland Sea. Purple Island is a must-visit location. In 2022 FIFA World Cup will take place in Qatar.\",\"breadcrumb\":{\"@id\":\"https:\/\/atravel.win\/destinations\/qatar\/#breadcrumb\"},\"inLanguage\":\"pt-PT\",\"potentialAction\":[{\"@type\":\"ReadAction\",\"target\":[\"https:\/\/atravel.win\/destinations\/qatar\/\"]}]},{\"@type\":\"BreadcrumbList\",\"@id\":\"https:\/\/atravel.win\/destinations\/qatar\/#breadcrumb\",\"itemListElement\":[{\"@type\":\"ListItem\",\"position\":1,\"name\":\"\\u0413\\u043b\\u0430\\u0432\\u043d\\u0430\\u044f \\u0441\\u0442\\u0440\\u0430\\u043d\\u0438\\u0446\\u0430\",\"item\":\"https:\/\/atravel.win\/\"},{\"@type\":\"ListItem\",\"position\":2,\"name\":\"DESTINATIONS\",\"item\":\"https:\/\/atravel.win\/destinations\/\"},{\"@type\":\"ListItem\",\"position\":3,\"name\":\"Qatar\"}]}]}<\/script>\n<!-- \/ Yoast SEO Premium plugin. -->","yoast_head_json":{"title":"Qatar: Inland Sea and FIFA World Cup","description":"The most popular public beach in Qatar is the Sealine Beach in Mesaieed. Visit the jewel of Qatar Inland Sea. Purple Island is a must-visit location. In 2022 FIFA World Cup will take place in Qatar.","robots":{"index":"index","follow":"follow","max-snippet":"max-snippet:-1","max-image-preview":"max-image-preview:large","max-video-preview":"max-video-preview:-1"},"canonical":"https:\/\/atravel.win\/pt\/destinations\/qatar\/","og_locale":"pt_PT","og_type":"article","og_title":"Qatar: Inland Sea and FIFA World Cup","og_description":"The most popular public beach in Qatar is the Sealine Beach in Mesaieed. Visit the jewel of Qatar Inland Sea. Purple Island is a must-visit location. In 2022 FIFA World Cup will take place in Qatar.","og_url":"https:\/\/atravel.win\/pt\/destinations\/qatar\/","og_site_name":"Atravel.win","article_modified_time":"2022-07-20T14:06:46+00:00","og_image":[{"width":1800,"height":650,"url":"https:\/\/atravel.win\/wp-content\/uploads\/2022\/03\/26.png","path":"\/home\/travello\/atravel.win\/wp-content\/uploads\/2022\/03\/26.png","size":"full","id":7341,"alt":"","pixels":1170000,"type":"image\/png"}],"twitter_card":"summary_large_image","twitter_title":"Qatar: Inland Sea and FIFA World Cup","twitter_description":"The most popular public beach in Qatar is the Sealine Beach in Mesaieed. Visit the jewel of Qatar Inland Sea. Purple Island is a must-visit location. In 2022 FIFA World Cup will take place in Qatar.","twitter_misc":{"Tempo estimado de leitura":"3 minutos"},"schema":{"@context":"https:\/\/schema.org","@graph":[{"@type":"WebSite","@id":"https:\/\/atravel.win\/#website","url":"https:\/\/atravel.win\/","name":"Atravel.win","description":"Just another WordPress site","potentialAction":[{"@type":"SearchAction","target":{"@type":"EntryPoint","urlTemplate":"https:\/\/atravel.win\/?s={search_term_string}"},"query-input":"required name=search_term_string"}],"inLanguage":"pt-PT"},{"@type":"ImageObject","@id":"https:\/\/atravel.win\/destinations\/qatar\/#primaryimage","inLanguage":"pt-PT","url":"https:\/\/atravel.win\/wp-content\/uploads\/2022\/03\/26.png","contentUrl":"https:\/\/atravel.win\/wp-content\/uploads\/2022\/03\/26.png","width":1800,"height":650},{"@type":"WebPage","@id":"https:\/\/atravel.win\/destinations\/qatar\/#webpage","url":"https:\/\/atravel.win\/destinations\/qatar\/","name":"Qatar: Inland Sea and FIFA World Cup","isPartOf":{"@id":"https:\/\/atravel.win\/#website"},"primaryImageOfPage":{"@id":"https:\/\/atravel.win\/destinations\/qatar\/#primaryimage"},"datePublished":"2022-03-22T10:47:09+00:00","dateModified":"2022-07-20T14:06:46+00:00","description":"The most popular public beach in Qatar is the Sealine Beach in Mesaieed. Visit the jewel of Qatar Inland Sea. Purple Island is a must-visit location. In 2022 FIFA World Cup will take place in Qatar.","breadcrumb":{"@id":"https:\/\/atravel.win\/destinations\/qatar\/#breadcrumb"},"inLanguage":"pt-PT","potentialAction":[{"@type":"ReadAction","target":["https:\/\/atravel.win\/destinations\/qatar\/"]}]},{"@type":"BreadcrumbList","@id":"https:\/\/atravel.win\/destinations\/qatar\/#breadcrumb","itemListElement":[{"@type":"ListItem","position":1,"name":"\u0413\u043b\u0430\u0432\u043d\u0430\u044f \u0441\u0442\u0440\u0430\u043d\u0438\u0446\u0430","item":"https:\/\/atravel.win\/"},{"@type":"ListItem","position":2,"name":"DESTINATIONS","item":"https:\/\/atravel.win\/destinations\/"},{"@type":"ListItem","position":3,"name":"Qatar"}]}]}},"_links":{"self":[{"href":"https:\/\/atravel.win\/pt\/wp-json\/wp\/v2\/pages\/6906","targetHints":{"allow":["GET"]}}],"collection":[{"href":"https:\/\/atravel.win\/pt\/wp-json\/wp\/v2\/pages"}],"about":[{"href":"https:\/\/atravel.win\/pt\/wp-json\/wp\/v2\/types\/page"}],"author":[{"embeddable":true,"href":"https:\/\/atravel.win\/pt\/wp-json\/wp\/v2\/users\/1"}],"replies":[{"embeddable":true,"href":"https:\/\/atravel.win\/pt\/wp-json\/wp\/v2\/comments?post=6906"}],"version-history":[{"count":44,"href":"https:\/\/atravel.win\/pt\/wp-json\/wp\/v2\/pages\/6906\/revisions"}],"predecessor-version":[{"id":7397,"href":"https:\/\/atravel.win\/pt\/wp-json\/wp\/v2\/pages\/6906\/revisions\/7397"}],"up":[{"embeddable":true,"href":"https:\/\/atravel.win\/pt\/wp-json\/wp\/v2\/pages\/5907"}],"wp:featuredmedia":[{"embeddable":true,"href":"https:\/\/atravel.win\/pt\/wp-json\/wp\/v2\/media\/7341"}],"wp:attachment":[{"href":"https:\/\/atravel.win\/pt\/wp-json\/wp\/v2\/media?parent=6906"}],"curies":[{"name":"wp","href":"https:\/\/api.w.org\/{rel}","templated":true}]}}