{"id":6889,"date":"2022-03-22T10:42:39","date_gmt":"2022-03-22T10:42:39","guid":{"rendered":"https:\/\/atravel.win\/?page_id=6889"},"modified":"2022-04-01T10:40:57","modified_gmt":"2022-04-01T10:40:57","slug":"saudi-arabi","status":"publish","type":"page","link":"https:\/\/atravel.win\/pt\/destinations\/saudi-arabi\/","title":{"rendered":"Saudi Arabi"},"content":{"rendered":"<div data-elementor-type=\"wp-page\" data-elementor-id=\"6889\" class=\"elementor elementor-6889\">\n\t\t\t\t\t\t\t\t\t<section class=\"elementor-section elementor-top-section elementor-element elementor-element-dad4c0e elementor-section-height-min-height elementor-section-items-stretch elementor-section-content-middle elementor-section-boxed elementor-section-height-default\" data-id=\"dad4c0e\" data-element_type=\"section\" data-settings=\"{&quot;background_background&quot;:&quot;classic&quot;}\">\n\t\t\t\t\t\t\t<div class=\"elementor-background-overlay\"><\/div>\n\t\t\t\t\t\t\t<div class=\"elementor-container elementor-column-gap-default\">\n\t\t\t\t\t<div class=\"elementor-column elementor-col-100 elementor-top-column elementor-element elementor-element-3262db9\" data-id=\"3262db9\" data-element_type=\"column\">\n\t\t\t<div class=\"elementor-widget-wrap elementor-element-populated\">\n\t\t\t\t\t\t\t\t<div class=\"elementor-element elementor-element-5ee04a9 elementor-widget elementor-widget-heading\" data-id=\"5ee04a9\" data-element_type=\"widget\" data-widget_type=\"heading.default\">\n\t\t\t\t<div class=\"elementor-widget-container\">\n\t\t\t<style>\/*! elementor - v3.6.1 - 23-03-2022 *\/\n.elementor-heading-title{padding:0;margin:0;line-height:1}.elementor-widget-heading .elementor-heading-title[class*=elementor-size-]>a{color:inherit;font-size:inherit;line-height:inherit}.elementor-widget-heading .elementor-heading-title.elementor-size-small{font-size:15px}.elementor-widget-heading .elementor-heading-title.elementor-size-medium{font-size:19px}.elementor-widget-heading .elementor-heading-title.elementor-size-large{font-size:29px}.elementor-widget-heading .elementor-heading-title.elementor-size-xl{font-size:39px}.elementor-widget-heading .elementor-heading-title.elementor-size-xxl{font-size:59px}<\/style><h1 class=\"elementor-heading-title elementor-size-default\">Arabia Saudita<\/h1>\t\t<\/div>\n\t\t\t\t<\/div>\n\t\t\t\t\t<\/div>\n\t\t<\/div>\n\t\t\t\t\t\t\t<\/div>\n\t\t<\/section>\n\t\t\t\t<section class=\"elementor-section elementor-top-section elementor-element elementor-element-a9aafc5 elementor-section-boxed elementor-section-height-default elementor-section-height-default\" data-id=\"a9aafc5\" data-element_type=\"section\">\n\t\t\t\t\t\t<div class=\"elementor-container elementor-column-gap-default\">\n\t\t\t\t\t<div class=\"elementor-column elementor-col-100 elementor-top-column elementor-element elementor-element-8fd34c7\" data-id=\"8fd34c7\" data-element_type=\"column\">\n\t\t\t<div class=\"elementor-widget-wrap elementor-element-populated\">\n\t\t\t\t\t\t\t\t<div class=\"elementor-element elementor-element-bd816bd elementor-widget elementor-widget-text-editor\" data-id=\"bd816bd\" data-element_type=\"widget\" data-widget_type=\"text-editor.default\">\n\t\t\t\t<div class=\"elementor-widget-container\">\n\t\t\t<style>\/*! elementor - v3.6.1 - 23-03-2022 *\/\n.elementor-widget-text-editor.elementor-drop-cap-view-stacked .elementor-drop-cap{background-color:#818a91;color:#fff}.elementor-widget-text-editor.elementor-drop-cap-view-framed .elementor-drop-cap{color:#818a91;border:3px solid;background-color:transparent}.elementor-widget-text-editor:not(.elementor-drop-cap-view-default) .elementor-drop-cap{margin-top:8px}.elementor-widget-text-editor:not(.elementor-drop-cap-view-default) .elementor-drop-cap-letter{width:1em;height:1em}.elementor-widget-text-editor .elementor-drop-cap{float:left;text-align:center;line-height:1;font-size:50px}.elementor-widget-text-editor .elementor-drop-cap-letter{display:inline-block}<\/style>\t\t\t\t<p><span lang=\"en-US\">A Ar\u00e1bia Saudita \u00e9 um novo destino tur\u00edstico - o pa\u00eds abriu suas fronteiras aos visitantes n\u00e3o faz muito tempo. O Reino \u00e9 um lugar de nascimento do Isl\u00e3 e da Meca da religi\u00e3o. Todo turista tem a chance de se tornar um verdadeiro explorador. Visite os antigos restos da AlUla, situada nas profundezas do deserto, na regi\u00e3o noroeste do pa\u00eds. A AlUla \u00e9 uma heran\u00e7a de 7000 anos de civiliza\u00e7\u00e3o humana combinada com a modernidade. L\u00e1 voc\u00ea ver\u00e1 forma\u00e7\u00f5es rochosas naturais e desfiladeiros, bem como capacidades para esportes de aventura e instala\u00e7\u00f5es de arte de vanguarda. As partes hist\u00f3ricas da AlUla est\u00e3o sob a prote\u00e7\u00e3o da UNESCO. Encontre-se em The Multicultural Souqs of Jeddah, onde cada cent\u00edmetro est\u00e1 permeado pela cultura nacional. N\u00e3o se trata apenas de uma compra regular, mas de uma experi\u00eancia local real. <\/span><\/p><p><span lang=\"en-US\">Comece sua viagem na capital do Reino da cidade de Riade - 7 milh\u00f5es de metr\u00f3poles, onde os arranha-c\u00e9us crescem mais r\u00e1pido que as \u00e1rvores. Aqui voc\u00ea ver\u00e1 o arranha-c\u00e9us futurista Burj Al-Mamlaka - 99 andares com escrit\u00f3rios e apartamentos de luxo. Continue em um dos resorts costeiros - a Ar\u00e1bia Saudita faz fronteira com o Mar Vermelho e o Golfo P\u00e9rsico. Os mais populares entre os turistas s\u00e3o Yanbu Al-Bahr junto ao Mar Vermelho e Al Fanateer Beach junto ao Golfo P\u00e9rsico. A rica fauna subaqu\u00e1tica torna estes resorts ideais para a pesca e o mergulho. Indo mais fundo no pa\u00eds, explore o maior O\u00e1sis Al Ahsa saudita. O Oasis est\u00e1 localizado na prov\u00edncia oriental do pa\u00eds e atinge desde a primeira vista com 30 milh\u00f5es de palmeiras verdes v\u00edvidas - a maior fazenda de t\u00e2maras do mundo. Uma coisa que n\u00e3o deve faltar \u00e9 a regulamenta\u00e7\u00e3o do governo local - o \u00e1lcool \u00e9 proibido em todo o pa\u00eds.<\/span><\/p>\t\t\t\t\t\t<\/div>\n\t\t\t\t<\/div>\n\t\t\t\t\t<\/div>\n\t\t<\/div>\n\t\t\t\t\t\t\t<\/div>\n\t\t<\/section>\n\t\t\t\t<section class=\"elementor-section elementor-top-section elementor-element elementor-element-5bdbb67 elementor-section-boxed elementor-section-height-default elementor-section-height-default\" data-id=\"5bdbb67\" data-element_type=\"section\">\n\t\t\t\t\t\t<div class=\"elementor-container elementor-column-gap-default\">\n\t\t\t\t\t<div class=\"elementor-column elementor-col-100 elementor-top-column elementor-element elementor-element-20981f8\" data-id=\"20981f8\" data-element_type=\"column\">\n\t\t\t<div class=\"elementor-widget-wrap elementor-element-populated\">\n\t\t\t\t\t\t\t\t<div class=\"elementor-element elementor-element-f903780 elementor-widget elementor-widget-image-carousel\" data-id=\"f903780\" data-element_type=\"widget\" data-settings=\"{&quot;slides_to_show&quot;:&quot;3&quot;,&quot;slides_to_scroll&quot;:&quot;1&quot;,&quot;navigation&quot;:&quot;none&quot;,&quot;autoplay&quot;:&quot;yes&quot;,&quot;pause_on_hover&quot;:&quot;yes&quot;,&quot;pause_on_interaction&quot;:&quot;yes&quot;,&quot;autoplay_speed&quot;:5000,&quot;infinite&quot;:&quot;yes&quot;,&quot;speed&quot;:500,&quot;image_spacing_custom&quot;:{&quot;unit&quot;:&quot;px&quot;,&quot;size&quot;:20,&quot;sizes&quot;:[]}}\" data-widget_type=\"image-carousel.default\">\n\t\t\t\t<div class=\"elementor-widget-container\">\n\t\t\t<style>\/*! elementor - v3.6.1 - 23-03-2022 *\/\n.elementor-widget-image-carousel .swiper-container{position:static}.elementor-widget-image-carousel .swiper-container .swiper-slide figure{line-height:inherit}.elementor-widget-image-carousel .swiper-slide{text-align:center}.elementor-image-carousel-wrapper:not(.swiper-container-initialized) .swiper-slide{max-width:calc(100% \/ var(--e-image-carousel-slides-to-show, 3))}<\/style>\t\t<div class=\"elementor-image-carousel-wrapper swiper-container\" dir=\"ltr\">\n\t\t\t<div class=\"elementor-image-carousel swiper-wrapper swiper-image-stretch\">\n\t\t\t\t\t\t\t\t<div class=\"swiper-slide\"><figure class=\"swiper-slide-inner\"><img decoding=\"async\" class=\"swiper-slide-image\" src=\"https:\/\/atravel.win\/wp-content\/uploads\/2022\/03\/saudi-1.png\" alt=\"saudi 1\" \/><\/figure><\/div><div class=\"swiper-slide\"><figure class=\"swiper-slide-inner\"><img decoding=\"async\" class=\"swiper-slide-image\" src=\"https:\/\/atravel.win\/wp-content\/uploads\/2022\/03\/saudi-3.png\" alt=\"saudi 3\" \/><\/figure><\/div><div class=\"swiper-slide\"><figure class=\"swiper-slide-inner\"><img decoding=\"async\" class=\"swiper-slide-image\" src=\"https:\/\/atravel.win\/wp-content\/uploads\/2022\/03\/saudi-2.png\" alt=\"saudi 2\" \/><\/figure><\/div>\t\t\t<\/div>\n\t\t\t\t\t\t\t\t\t\t\t\t\t\t\t\t<\/div>\n\t\t\t\t<\/div>\n\t\t\t\t<\/div>\n\t\t\t\t\t<\/div>\n\t\t<\/div>\n\t\t\t\t\t\t\t<\/div>\n\t\t<\/section>\n\t\t\t\t\t\t\t<\/div>","protected":false},"excerpt":{"rendered":"<p>Saudi Arabia Saudi Arabia is a new tourism destination \u2013 the country has opened its borders to visitors not a long ago. The Kingdom is a birthplace of Islam and religion mecca. Every tourist gets a chance to become a true explorer. Visit ancient AlUla remains, situated deep in the desert in the northwestern region&#8230;<\/p>","protected":false},"author":1,"featured_media":7061,"parent":5907,"menu_order":0,"comment_status":"closed","ping_status":"closed","template":"","meta":{"footnotes":""},"class_list":["post-6889","page","type-page","status-publish","has-post-thumbnail","hentry"],"yoast_head":"<!-- This site is optimized with the Yoast SEO Premium plugin v17.1 (Yoast SEO v17.1) - https:\/\/yoast.com\/wordpress\/plugins\/seo\/ -->\n<title>Saudi Arabia - religion mecca and AlUla remains<\/title>\n<meta name=\"description\" content=\"Saudi Arabia is a birthplace of Islam. Visit ancient AlUla remains or start your trip in the Saudi\u2019s capital - Riyadh city. Here you will see the Burj Al-Mamlaka skyscraper. Moving deeper, explore Saudi\u2019s largest Oasis Al Ahsa.\" \/>\n<meta name=\"robots\" content=\"index, follow, max-snippet:-1, max-image-preview:large, max-video-preview:-1\" \/>\n<link rel=\"canonical\" href=\"https:\/\/atravel.win\/pt\/destinations\/saudi-arabi\/\" \/>\n<meta property=\"og:locale\" content=\"pt_PT\" \/>\n<meta property=\"og:type\" content=\"article\" \/>\n<meta property=\"og:title\" content=\"Saudi Arabia - religion mecca and AlUla remains\" \/>\n<meta property=\"og:description\" content=\"Saudi Arabia is a birthplace of Islam. Visit ancient AlUla remains or start your trip in the Saudi\u2019s capital - Riyadh city. Here you will see the Burj Al-Mamlaka skyscraper. Moving deeper, explore Saudi\u2019s largest Oasis Al Ahsa.\" \/>\n<meta property=\"og:url\" content=\"https:\/\/atravel.win\/pt\/destinations\/saudi-arabi\/\" \/>\n<meta property=\"og:site_name\" content=\"Atravel.win\" \/>\n<meta property=\"article:modified_time\" content=\"2022-04-01T10:40:57+00:00\" \/>\n<meta property=\"og:image\" content=\"https:\/\/atravel.win\/wp-content\/uploads\/2022\/03\/Saudi-Arabia.png\" \/>\n\t<meta property=\"og:image:width\" content=\"1980\" \/>\n\t<meta property=\"og:image:height\" content=\"650\" \/>\n<meta name=\"twitter:card\" content=\"summary_large_image\" \/>\n<meta name=\"twitter:title\" content=\"Saudi Arabia - religion mecca and AlUla remains\" \/>\n<meta name=\"twitter:description\" content=\"Saudi Arabia is a birthplace of Islam. Visit ancient AlUla remains or start your trip in the Saudi\u2019s capital - Riyadh city. Here you will see the Burj Al-Mamlaka skyscraper. Moving deeper, explore Saudi\u2019s largest Oasis Al Ahsa.\" \/>\n<meta name=\"twitter:label1\" content=\"Tempo estimado de leitura\" \/>\n\t<meta name=\"twitter:data1\" content=\"2 minutos\" \/>\n<script type=\"application\/ld+json\" class=\"yoast-schema-graph\">{\"@context\":\"https:\/\/schema.org\",\"@graph\":[{\"@type\":\"WebSite\",\"@id\":\"https:\/\/atravel.win\/#website\",\"url\":\"https:\/\/atravel.win\/\",\"name\":\"Atravel.win\",\"description\":\"Just another WordPress site\",\"potentialAction\":[{\"@type\":\"SearchAction\",\"target\":{\"@type\":\"EntryPoint\",\"urlTemplate\":\"https:\/\/atravel.win\/?s={search_term_string}\"},\"query-input\":\"required name=search_term_string\"}],\"inLanguage\":\"pt-PT\"},{\"@type\":\"ImageObject\",\"@id\":\"https:\/\/atravel.win\/destinations\/saudi-arabi\/#primaryimage\",\"inLanguage\":\"pt-PT\",\"url\":\"https:\/\/atravel.win\/wp-content\/uploads\/2022\/03\/Saudi-Arabia.png\",\"contentUrl\":\"https:\/\/atravel.win\/wp-content\/uploads\/2022\/03\/Saudi-Arabia.png\",\"width\":1980,\"height\":650},{\"@type\":\"WebPage\",\"@id\":\"https:\/\/atravel.win\/destinations\/saudi-arabi\/#webpage\",\"url\":\"https:\/\/atravel.win\/destinations\/saudi-arabi\/\",\"name\":\"Saudi Arabia - religion mecca and AlUla remains\",\"isPartOf\":{\"@id\":\"https:\/\/atravel.win\/#website\"},\"primaryImageOfPage\":{\"@id\":\"https:\/\/atravel.win\/destinations\/saudi-arabi\/#primaryimage\"},\"datePublished\":\"2022-03-22T10:42:39+00:00\",\"dateModified\":\"2022-04-01T10:40:57+00:00\",\"description\":\"Saudi Arabia is a birthplace of Islam. Visit ancient AlUla remains or start your trip in the Saudi\\u2019s capital - Riyadh city. Here you will see the Burj Al-Mamlaka skyscraper. Moving deeper, explore Saudi\\u2019s largest Oasis Al Ahsa.\",\"breadcrumb\":{\"@id\":\"https:\/\/atravel.win\/destinations\/saudi-arabi\/#breadcrumb\"},\"inLanguage\":\"pt-PT\",\"potentialAction\":[{\"@type\":\"ReadAction\",\"target\":[\"https:\/\/atravel.win\/destinations\/saudi-arabi\/\"]}]},{\"@type\":\"BreadcrumbList\",\"@id\":\"https:\/\/atravel.win\/destinations\/saudi-arabi\/#breadcrumb\",\"itemListElement\":[{\"@type\":\"ListItem\",\"position\":1,\"name\":\"\\u0413\\u043b\\u0430\\u0432\\u043d\\u0430\\u044f \\u0441\\u0442\\u0440\\u0430\\u043d\\u0438\\u0446\\u0430\",\"item\":\"https:\/\/atravel.win\/\"},{\"@type\":\"ListItem\",\"position\":2,\"name\":\"DESTINATIONS\",\"item\":\"https:\/\/atravel.win\/destinations\/\"},{\"@type\":\"ListItem\",\"position\":3,\"name\":\"Saudi Arabi\"}]}]}<\/script>\n<!-- \/ Yoast SEO Premium plugin. -->","yoast_head_json":{"title":"Saudi Arabia - religion mecca and AlUla remains","description":"Saudi Arabia is a birthplace of Islam. Visit ancient AlUla remains or start your trip in the Saudi\u2019s capital - Riyadh city. Here you will see the Burj Al-Mamlaka skyscraper. Moving deeper, explore Saudi\u2019s largest Oasis Al Ahsa.","robots":{"index":"index","follow":"follow","max-snippet":"max-snippet:-1","max-image-preview":"max-image-preview:large","max-video-preview":"max-video-preview:-1"},"canonical":"https:\/\/atravel.win\/pt\/destinations\/saudi-arabi\/","og_locale":"pt_PT","og_type":"article","og_title":"Saudi Arabia - religion mecca and AlUla remains","og_description":"Saudi Arabia is a birthplace of Islam. Visit ancient AlUla remains or start your trip in the Saudi\u2019s capital - Riyadh city. Here you will see the Burj Al-Mamlaka skyscraper. Moving deeper, explore Saudi\u2019s largest Oasis Al Ahsa.","og_url":"https:\/\/atravel.win\/pt\/destinations\/saudi-arabi\/","og_site_name":"Atravel.win","article_modified_time":"2022-04-01T10:40:57+00:00","og_image":[{"width":1980,"height":650,"url":"https:\/\/atravel.win\/wp-content\/uploads\/2022\/03\/Saudi-Arabia.png","path":"\/home\/travello\/atravel.win\/wp-content\/uploads\/2022\/03\/Saudi-Arabia.png","size":"full","id":7061,"alt":"","pixels":1287000,"type":"image\/png"}],"twitter_card":"summary_large_image","twitter_title":"Saudi Arabia - religion mecca and AlUla remains","twitter_description":"Saudi Arabia is a birthplace of Islam. Visit ancient AlUla remains or start your trip in the Saudi\u2019s capital - Riyadh city. Here you will see the Burj Al-Mamlaka skyscraper. Moving deeper, explore Saudi\u2019s largest Oasis Al Ahsa.","twitter_misc":{"Tempo estimado de leitura":"2 minutos"},"schema":{"@context":"https:\/\/schema.org","@graph":[{"@type":"WebSite","@id":"https:\/\/atravel.win\/#website","url":"https:\/\/atravel.win\/","name":"Atravel.win","description":"Just another WordPress site","potentialAction":[{"@type":"SearchAction","target":{"@type":"EntryPoint","urlTemplate":"https:\/\/atravel.win\/?s={search_term_string}"},"query-input":"required name=search_term_string"}],"inLanguage":"pt-PT"},{"@type":"ImageObject","@id":"https:\/\/atravel.win\/destinations\/saudi-arabi\/#primaryimage","inLanguage":"pt-PT","url":"https:\/\/atravel.win\/wp-content\/uploads\/2022\/03\/Saudi-Arabia.png","contentUrl":"https:\/\/atravel.win\/wp-content\/uploads\/2022\/03\/Saudi-Arabia.png","width":1980,"height":650},{"@type":"WebPage","@id":"https:\/\/atravel.win\/destinations\/saudi-arabi\/#webpage","url":"https:\/\/atravel.win\/destinations\/saudi-arabi\/","name":"Saudi Arabia - religion mecca and AlUla remains","isPartOf":{"@id":"https:\/\/atravel.win\/#website"},"primaryImageOfPage":{"@id":"https:\/\/atravel.win\/destinations\/saudi-arabi\/#primaryimage"},"datePublished":"2022-03-22T10:42:39+00:00","dateModified":"2022-04-01T10:40:57+00:00","description":"Saudi Arabia is a birthplace of Islam. Visit ancient AlUla remains or start your trip in the Saudi\u2019s capital - Riyadh city. Here you will see the Burj Al-Mamlaka skyscraper. Moving deeper, explore Saudi\u2019s largest Oasis Al Ahsa.","breadcrumb":{"@id":"https:\/\/atravel.win\/destinations\/saudi-arabi\/#breadcrumb"},"inLanguage":"pt-PT","potentialAction":[{"@type":"ReadAction","target":["https:\/\/atravel.win\/destinations\/saudi-arabi\/"]}]},{"@type":"BreadcrumbList","@id":"https:\/\/atravel.win\/destinations\/saudi-arabi\/#breadcrumb","itemListElement":[{"@type":"ListItem","position":1,"name":"\u0413\u043b\u0430\u0432\u043d\u0430\u044f \u0441\u0442\u0440\u0430\u043d\u0438\u0446\u0430","item":"https:\/\/atravel.win\/"},{"@type":"ListItem","position":2,"name":"DESTINATIONS","item":"https:\/\/atravel.win\/destinations\/"},{"@type":"ListItem","position":3,"name":"Saudi Arabi"}]}]}},"_links":{"self":[{"href":"https:\/\/atravel.win\/pt\/wp-json\/wp\/v2\/pages\/6889","targetHints":{"allow":["GET"]}}],"collection":[{"href":"https:\/\/atravel.win\/pt\/wp-json\/wp\/v2\/pages"}],"about":[{"href":"https:\/\/atravel.win\/pt\/wp-json\/wp\/v2\/types\/page"}],"author":[{"embeddable":true,"href":"https:\/\/atravel.win\/pt\/wp-json\/wp\/v2\/users\/1"}],"replies":[{"embeddable":true,"href":"https:\/\/atravel.win\/pt\/wp-json\/wp\/v2\/comments?post=6889"}],"version-history":[{"count":35,"href":"https:\/\/atravel.win\/pt\/wp-json\/wp\/v2\/pages\/6889\/revisions"}],"predecessor-version":[{"id":7380,"href":"https:\/\/atravel.win\/pt\/wp-json\/wp\/v2\/pages\/6889\/revisions\/7380"}],"up":[{"embeddable":true,"href":"https:\/\/atravel.win\/pt\/wp-json\/wp\/v2\/pages\/5907"}],"wp:featuredmedia":[{"embeddable":true,"href":"https:\/\/atravel.win\/pt\/wp-json\/wp\/v2\/media\/7061"}],"wp:attachment":[{"href":"https:\/\/atravel.win\/pt\/wp-json\/wp\/v2\/media?parent=6889"}],"curies":[{"name":"wp","href":"https:\/\/api.w.org\/{rel}","templated":true}]}}