{"id":6869,"date":"2022-03-22T10:29:42","date_gmt":"2022-03-22T10:29:42","guid":{"rendered":"https:\/\/atravel.win\/?page_id=6869"},"modified":"2022-04-01T10:46:28","modified_gmt":"2022-04-01T10:46:28","slug":"jordan","status":"publish","type":"page","link":"https:\/\/atravel.win\/pt\/destinations\/jordan\/","title":{"rendered":"Jord\u00e2nia"},"content":{"rendered":"<div data-elementor-type=\"wp-page\" data-elementor-id=\"6869\" class=\"elementor elementor-6869\">\n\t\t\t\t\t\t\t\t\t<section class=\"elementor-section elementor-top-section elementor-element elementor-element-dad4c0e elementor-section-height-min-height elementor-section-items-stretch elementor-section-content-middle elementor-section-boxed elementor-section-height-default\" data-id=\"dad4c0e\" data-element_type=\"section\" data-settings=\"{&quot;background_background&quot;:&quot;classic&quot;}\">\n\t\t\t\t\t\t\t<div class=\"elementor-background-overlay\"><\/div>\n\t\t\t\t\t\t\t<div class=\"elementor-container elementor-column-gap-default\">\n\t\t\t\t\t<div class=\"elementor-column elementor-col-100 elementor-top-column elementor-element elementor-element-3262db9\" data-id=\"3262db9\" data-element_type=\"column\">\n\t\t\t<div class=\"elementor-widget-wrap elementor-element-populated\">\n\t\t\t\t\t\t\t\t<div class=\"elementor-element elementor-element-5ee04a9 elementor-widget elementor-widget-heading\" data-id=\"5ee04a9\" data-element_type=\"widget\" data-widget_type=\"heading.default\">\n\t\t\t\t<div class=\"elementor-widget-container\">\n\t\t\t<style>\/*! elementor - v3.6.1 - 23-03-2022 *\/\n.elementor-heading-title{padding:0;margin:0;line-height:1}.elementor-widget-heading .elementor-heading-title[class*=elementor-size-]>a{color:inherit;font-size:inherit;line-height:inherit}.elementor-widget-heading .elementor-heading-title.elementor-size-small{font-size:15px}.elementor-widget-heading .elementor-heading-title.elementor-size-medium{font-size:19px}.elementor-widget-heading .elementor-heading-title.elementor-size-large{font-size:29px}.elementor-widget-heading .elementor-heading-title.elementor-size-xl{font-size:39px}.elementor-widget-heading .elementor-heading-title.elementor-size-xxl{font-size:59px}<\/style><h1 class=\"elementor-heading-title elementor-size-default\">Jord\u00e2nia <\/h1>\t\t<\/div>\n\t\t\t\t<\/div>\n\t\t\t\t\t<\/div>\n\t\t<\/div>\n\t\t\t\t\t\t\t<\/div>\n\t\t<\/section>\n\t\t\t\t<section class=\"elementor-section elementor-top-section elementor-element elementor-element-a9aafc5 elementor-section-boxed elementor-section-height-default elementor-section-height-default\" data-id=\"a9aafc5\" data-element_type=\"section\">\n\t\t\t\t\t\t<div class=\"elementor-container elementor-column-gap-default\">\n\t\t\t\t\t<div class=\"elementor-column elementor-col-100 elementor-top-column elementor-element elementor-element-8fd34c7\" data-id=\"8fd34c7\" data-element_type=\"column\">\n\t\t\t<div class=\"elementor-widget-wrap elementor-element-populated\">\n\t\t\t\t\t\t\t\t<div class=\"elementor-element elementor-element-bd816bd elementor-widget elementor-widget-text-editor\" data-id=\"bd816bd\" data-element_type=\"widget\" data-widget_type=\"text-editor.default\">\n\t\t\t\t<div class=\"elementor-widget-container\">\n\t\t\t<style>\/*! elementor - v3.6.1 - 23-03-2022 *\/\n.elementor-widget-text-editor.elementor-drop-cap-view-stacked .elementor-drop-cap{background-color:#818a91;color:#fff}.elementor-widget-text-editor.elementor-drop-cap-view-framed .elementor-drop-cap{color:#818a91;border:3px solid;background-color:transparent}.elementor-widget-text-editor:not(.elementor-drop-cap-view-default) .elementor-drop-cap{margin-top:8px}.elementor-widget-text-editor:not(.elementor-drop-cap-view-default) .elementor-drop-cap-letter{width:1em;height:1em}.elementor-widget-text-editor .elementor-drop-cap{float:left;text-align:center;line-height:1;font-size:50px}.elementor-widget-text-editor .elementor-drop-cap-letter{display:inline-block}<\/style>\t\t\t\t<p><span lang=\"en-US\">Um pa\u00eds de castelos medievais dos cavaleiros cruzados, locais b\u00edblicos e paisagens des\u00e9rticas incr\u00edveis, a Jord\u00e2nia \u00e9 um verdadeiro reino com o rei Abdullah 2 ibn Hussein \u00e0 frente. As melhores palavras para descrever este pa\u00eds s\u00e3o descontra\u00eddas, l\u00fadicas e coloridas. O mais famoso e popular entre os locais tur\u00edsticos \u00e9 Petra. Esta cidade \u00e9 um conjunto arquitet\u00f4nico \u00fanico que combina cavernas, ruas, t\u00famulos, pal\u00e1cios de criptas e templos esculpidos em rochas \u00edngremes. A maioria de seus mist\u00e9rios n\u00e3o foi resolvida, mesmo o prop\u00f3sito da maioria dos edif\u00edcios n\u00e3o foi estabelecido com precis\u00e3o. A fachada de Petra tornou-se famosa gra\u00e7as ao filme \"Indiana Jones\". <\/span><\/p><p><span lang=\"en-US\">A arquitetura da Jord\u00e2nia inclui a heran\u00e7a de alcance do Imp\u00e9rio Romano. Uma das cidades antigas \u00e9 Jerash. Esta cidade tamb\u00e9m \u00e9 conhecida como Pomp\u00e9ia Oriental. H\u00e1 s\u00e9culos, arque\u00f3logos descobriram as ru\u00ednas do povoado romano de Gerasa, que foi completamente destru\u00eddo ap\u00f3s um forte terremoto no s\u00e9culo VII. O conjunto da Cidade Antiga surpreende com sua magnific\u00eancia.<\/span><\/p><p><span lang=\"en-US\">Os clientes da MICE encontrar\u00e3o uma piscina de hot\u00e9is rec\u00e9m-projetados com os modernos sal\u00f5es e locais de confer\u00eancias. Para o turismo de lazer, a Jord\u00e2nia tem Aqaba - um resort durante quase todo o ano no Mar Vermelho. Ela atrai visitantes com suas praias de areia branca, snorkeling, caf\u00e9s de frutos do mar, cal\u00e7ad\u00f5es e sofisticadas vistas do deserto. Outro resort famoso no Mar Vermelho \u00e9 a Ba\u00eda de Tala. Seus visitantes desfrutam das \u00e1guas quentes do mar e das f\u00e9rias de alto n\u00edvel. O que tamb\u00e9m \u00e9 especial na Jord\u00e2nia \u00e9 o Mar Morto. N\u00e3o h\u00e1 grandes povoados nas margens, mas muitos pequenos centros e resorts. Todos eles s\u00e3o destinados ao tratamento e apenas ao descanso calmo para o corpo e a alma. Ma'in \u00e9 um dos populares resorts a apenas 20 minutos de carro do Mar Morto. Aqui seus h\u00f3spedes encontrar\u00e3o maravilhosas cachoeiras de \u00e1guas termais. Est\u00e1 comprovado que sua \u00e1gua mineral ajuda na circula\u00e7\u00e3o sangu\u00ednea, respira\u00e7\u00e3o, digest\u00e3o e relaxamento. E o \u00faltimo ponto que n\u00e3o deve ser descurado \u00e9 o Mujib Nature Resort. Wadi Al-Mujib \u00e9 perfeito para longas caminhadas, caminhadas em desfiladeiros e escaladas em rochas. <\/span><\/p>\t\t\t\t\t\t<\/div>\n\t\t\t\t<\/div>\n\t\t\t\t\t<\/div>\n\t\t<\/div>\n\t\t\t\t\t\t\t<\/div>\n\t\t<\/section>\n\t\t\t\t<section class=\"elementor-section elementor-top-section elementor-element elementor-element-5bdbb67 elementor-section-boxed elementor-section-height-default elementor-section-height-default\" data-id=\"5bdbb67\" data-element_type=\"section\">\n\t\t\t\t\t\t<div class=\"elementor-container elementor-column-gap-default\">\n\t\t\t\t\t<div class=\"elementor-column elementor-col-100 elementor-top-column elementor-element elementor-element-20981f8\" data-id=\"20981f8\" data-element_type=\"column\">\n\t\t\t<div class=\"elementor-widget-wrap elementor-element-populated\">\n\t\t\t\t\t\t\t\t<div class=\"elementor-element elementor-element-f903780 elementor-widget elementor-widget-image-carousel\" data-id=\"f903780\" data-element_type=\"widget\" data-settings=\"{&quot;slides_to_show&quot;:&quot;3&quot;,&quot;slides_to_scroll&quot;:&quot;1&quot;,&quot;navigation&quot;:&quot;none&quot;,&quot;autoplay&quot;:&quot;yes&quot;,&quot;pause_on_hover&quot;:&quot;yes&quot;,&quot;pause_on_interaction&quot;:&quot;yes&quot;,&quot;autoplay_speed&quot;:5000,&quot;infinite&quot;:&quot;yes&quot;,&quot;speed&quot;:500,&quot;image_spacing_custom&quot;:{&quot;unit&quot;:&quot;px&quot;,&quot;size&quot;:20,&quot;sizes&quot;:[]}}\" data-widget_type=\"image-carousel.default\">\n\t\t\t\t<div class=\"elementor-widget-container\">\n\t\t\t<style>\/*! elementor - v3.6.1 - 23-03-2022 *\/\n.elementor-widget-image-carousel .swiper-container{position:static}.elementor-widget-image-carousel .swiper-container .swiper-slide figure{line-height:inherit}.elementor-widget-image-carousel .swiper-slide{text-align:center}.elementor-image-carousel-wrapper:not(.swiper-container-initialized) .swiper-slide{max-width:calc(100% \/ var(--e-image-carousel-slides-to-show, 3))}<\/style>\t\t<div class=\"elementor-image-carousel-wrapper swiper-container\" dir=\"ltr\">\n\t\t\t<div class=\"elementor-image-carousel swiper-wrapper swiper-image-stretch\">\n\t\t\t\t\t\t\t\t<div class=\"swiper-slide\"><figure class=\"swiper-slide-inner\"><img decoding=\"async\" class=\"swiper-slide-image\" src=\"https:\/\/atravel.win\/wp-content\/uploads\/2022\/03\/jordan-1.png\" alt=\"jordan 1\" \/><\/figure><\/div><div class=\"swiper-slide\"><figure class=\"swiper-slide-inner\"><img decoding=\"async\" class=\"swiper-slide-image\" src=\"https:\/\/atravel.win\/wp-content\/uploads\/2022\/03\/jordan-2.png\" alt=\"jordan 2\" \/><\/figure><\/div><div class=\"swiper-slide\"><figure class=\"swiper-slide-inner\"><img decoding=\"async\" class=\"swiper-slide-image\" src=\"https:\/\/atravel.win\/wp-content\/uploads\/2022\/03\/jordan-3.png\" alt=\"jordan 3\" \/><\/figure><\/div>\t\t\t<\/div>\n\t\t\t\t\t\t\t\t\t\t\t\t\t\t\t\t<\/div>\n\t\t\t\t<\/div>\n\t\t\t\t<\/div>\n\t\t\t\t\t<\/div>\n\t\t<\/div>\n\t\t\t\t\t\t\t<\/div>\n\t\t<\/section>\n\t\t\t\t\t\t\t<\/div>","protected":false},"excerpt":{"rendered":"<p>Jordan A country of medieval castles of the Crusader Knights, biblical sites and amazing desert landscapes, Jordan is a real kingdom with King Abdullah 2 ibn Hussein at the head. The best words to describe this country are relaxed, leisurely and colorful. The most famous and popular among tourist sites is Petra. This city is&#8230;<\/p>","protected":false},"author":1,"featured_media":6875,"parent":5907,"menu_order":0,"comment_status":"closed","ping_status":"closed","template":"","meta":{"footnotes":""},"class_list":["post-6869","page","type-page","status-publish","has-post-thumbnail","hentry"],"yoast_head":"<!-- This site is optimized with the Yoast SEO Premium plugin v17.1 (Yoast SEO v17.1) - https:\/\/yoast.com\/wordpress\/plugins\/seo\/ -->\n<title>Jordan is the best destination for MICE, Leisure and VIP tourists<\/title>\n<meta name=\"description\" content=\"See Petra in Jordan and Jerash city. MICE customers will find newly designed hotels in Jordan.For Leisure and VIP tourism Jordan has Aqaba and Tala Bay. Visit Ma\u2019in by The Dead Sea.\" \/>\n<meta name=\"robots\" content=\"index, follow, max-snippet:-1, max-image-preview:large, max-video-preview:-1\" \/>\n<link rel=\"canonical\" href=\"https:\/\/atravel.win\/pt\/destinations\/jordan\/\" \/>\n<meta property=\"og:locale\" content=\"pt_PT\" \/>\n<meta property=\"og:type\" content=\"article\" \/>\n<meta property=\"og:title\" content=\"Jordan is the best destination for MICE, Leisure and VIP tourists\" \/>\n<meta property=\"og:description\" content=\"See Petra in Jordan and Jerash city. MICE customers will find newly designed hotels in Jordan.For Leisure and VIP tourism Jordan has Aqaba and Tala Bay. Visit Ma\u2019in by The Dead Sea.\" \/>\n<meta property=\"og:url\" content=\"https:\/\/atravel.win\/pt\/destinations\/jordan\/\" \/>\n<meta property=\"og:site_name\" content=\"Atravel.win\" \/>\n<meta property=\"article:modified_time\" content=\"2022-04-01T10:46:28+00:00\" \/>\n<meta property=\"og:image\" content=\"https:\/\/atravel.win\/wp-content\/uploads\/2022\/03\/jordan-1.png\" \/>\n\t<meta property=\"og:image:width\" content=\"826\" \/>\n\t<meta property=\"og:image:height\" content=\"826\" \/>\n<meta name=\"twitter:card\" content=\"summary_large_image\" \/>\n<meta name=\"twitter:title\" content=\"Jordan is the best destination for MICE, Leisure and VIP tourists\" \/>\n<meta name=\"twitter:description\" content=\"See Petra in Jordan and Jerash city. MICE customers will find newly designed hotels in Jordan.For Leisure and VIP tourism Jordan has Aqaba and Tala Bay. Visit Ma\u2019in by The Dead Sea.\" \/>\n<meta name=\"twitter:label1\" content=\"Tempo estimado de leitura\" \/>\n\t<meta name=\"twitter:data1\" content=\"3 minutos\" \/>\n<script type=\"application\/ld+json\" class=\"yoast-schema-graph\">{\"@context\":\"https:\/\/schema.org\",\"@graph\":[{\"@type\":\"WebSite\",\"@id\":\"https:\/\/atravel.win\/#website\",\"url\":\"https:\/\/atravel.win\/\",\"name\":\"Atravel.win\",\"description\":\"Just another WordPress site\",\"potentialAction\":[{\"@type\":\"SearchAction\",\"target\":{\"@type\":\"EntryPoint\",\"urlTemplate\":\"https:\/\/atravel.win\/?s={search_term_string}\"},\"query-input\":\"required name=search_term_string\"}],\"inLanguage\":\"pt-PT\"},{\"@type\":\"ImageObject\",\"@id\":\"https:\/\/atravel.win\/destinations\/jordan\/#primaryimage\",\"inLanguage\":\"pt-PT\",\"url\":\"https:\/\/atravel.win\/wp-content\/uploads\/2022\/03\/jordan-1.png\",\"contentUrl\":\"https:\/\/atravel.win\/wp-content\/uploads\/2022\/03\/jordan-1.png\",\"width\":826,\"height\":826},{\"@type\":\"WebPage\",\"@id\":\"https:\/\/atravel.win\/destinations\/jordan\/#webpage\",\"url\":\"https:\/\/atravel.win\/destinations\/jordan\/\",\"name\":\"Jordan is the best destination for MICE, Leisure and VIP tourists\",\"isPartOf\":{\"@id\":\"https:\/\/atravel.win\/#website\"},\"primaryImageOfPage\":{\"@id\":\"https:\/\/atravel.win\/destinations\/jordan\/#primaryimage\"},\"datePublished\":\"2022-03-22T10:29:42+00:00\",\"dateModified\":\"2022-04-01T10:46:28+00:00\",\"description\":\"See Petra in Jordan and Jerash city. MICE customers will find newly designed hotels in Jordan.For Leisure and VIP tourism Jordan has Aqaba and Tala Bay. Visit Ma\\u2019in by The Dead Sea.\",\"breadcrumb\":{\"@id\":\"https:\/\/atravel.win\/destinations\/jordan\/#breadcrumb\"},\"inLanguage\":\"pt-PT\",\"potentialAction\":[{\"@type\":\"ReadAction\",\"target\":[\"https:\/\/atravel.win\/destinations\/jordan\/\"]}]},{\"@type\":\"BreadcrumbList\",\"@id\":\"https:\/\/atravel.win\/destinations\/jordan\/#breadcrumb\",\"itemListElement\":[{\"@type\":\"ListItem\",\"position\":1,\"name\":\"\\u0413\\u043b\\u0430\\u0432\\u043d\\u0430\\u044f \\u0441\\u0442\\u0440\\u0430\\u043d\\u0438\\u0446\\u0430\",\"item\":\"https:\/\/atravel.win\/\"},{\"@type\":\"ListItem\",\"position\":2,\"name\":\"DESTINATIONS\",\"item\":\"https:\/\/atravel.win\/destinations\/\"},{\"@type\":\"ListItem\",\"position\":3,\"name\":\"Jordan\"}]}]}<\/script>\n<!-- \/ Yoast SEO Premium plugin. -->","yoast_head_json":{"title":"Jordan is the best destination for MICE, Leisure and VIP tourists","description":"See Petra in Jordan and Jerash city. MICE customers will find newly designed hotels in Jordan.For Leisure and VIP tourism Jordan has Aqaba and Tala Bay. Visit Ma\u2019in by The Dead Sea.","robots":{"index":"index","follow":"follow","max-snippet":"max-snippet:-1","max-image-preview":"max-image-preview:large","max-video-preview":"max-video-preview:-1"},"canonical":"https:\/\/atravel.win\/pt\/destinations\/jordan\/","og_locale":"pt_PT","og_type":"article","og_title":"Jordan is the best destination for MICE, Leisure and VIP tourists","og_description":"See Petra in Jordan and Jerash city. MICE customers will find newly designed hotels in Jordan.For Leisure and VIP tourism Jordan has Aqaba and Tala Bay. Visit Ma\u2019in by The Dead Sea.","og_url":"https:\/\/atravel.win\/pt\/destinations\/jordan\/","og_site_name":"Atravel.win","article_modified_time":"2022-04-01T10:46:28+00:00","og_image":[{"width":826,"height":826,"url":"https:\/\/atravel.win\/wp-content\/uploads\/2022\/03\/jordan-1.png","path":"\/home\/travello\/atravel.win\/wp-content\/uploads\/2022\/03\/jordan-1.png","size":"full","id":6875,"alt":"","pixels":682276,"type":"image\/png"}],"twitter_card":"summary_large_image","twitter_title":"Jordan is the best destination for MICE, Leisure and VIP tourists","twitter_description":"See Petra in Jordan and Jerash city. MICE customers will find newly designed hotels in Jordan.For Leisure and VIP tourism Jordan has Aqaba and Tala Bay. Visit Ma\u2019in by The Dead Sea.","twitter_misc":{"Tempo estimado de leitura":"3 minutos"},"schema":{"@context":"https:\/\/schema.org","@graph":[{"@type":"WebSite","@id":"https:\/\/atravel.win\/#website","url":"https:\/\/atravel.win\/","name":"Atravel.win","description":"Just another WordPress site","potentialAction":[{"@type":"SearchAction","target":{"@type":"EntryPoint","urlTemplate":"https:\/\/atravel.win\/?s={search_term_string}"},"query-input":"required name=search_term_string"}],"inLanguage":"pt-PT"},{"@type":"ImageObject","@id":"https:\/\/atravel.win\/destinations\/jordan\/#primaryimage","inLanguage":"pt-PT","url":"https:\/\/atravel.win\/wp-content\/uploads\/2022\/03\/jordan-1.png","contentUrl":"https:\/\/atravel.win\/wp-content\/uploads\/2022\/03\/jordan-1.png","width":826,"height":826},{"@type":"WebPage","@id":"https:\/\/atravel.win\/destinations\/jordan\/#webpage","url":"https:\/\/atravel.win\/destinations\/jordan\/","name":"Jordan is the best destination for MICE, Leisure and VIP tourists","isPartOf":{"@id":"https:\/\/atravel.win\/#website"},"primaryImageOfPage":{"@id":"https:\/\/atravel.win\/destinations\/jordan\/#primaryimage"},"datePublished":"2022-03-22T10:29:42+00:00","dateModified":"2022-04-01T10:46:28+00:00","description":"See Petra in Jordan and Jerash city. MICE customers will find newly designed hotels in Jordan.For Leisure and VIP tourism Jordan has Aqaba and Tala Bay. Visit Ma\u2019in by The Dead Sea.","breadcrumb":{"@id":"https:\/\/atravel.win\/destinations\/jordan\/#breadcrumb"},"inLanguage":"pt-PT","potentialAction":[{"@type":"ReadAction","target":["https:\/\/atravel.win\/destinations\/jordan\/"]}]},{"@type":"BreadcrumbList","@id":"https:\/\/atravel.win\/destinations\/jordan\/#breadcrumb","itemListElement":[{"@type":"ListItem","position":1,"name":"\u0413\u043b\u0430\u0432\u043d\u0430\u044f \u0441\u0442\u0440\u0430\u043d\u0438\u0446\u0430","item":"https:\/\/atravel.win\/"},{"@type":"ListItem","position":2,"name":"DESTINATIONS","item":"https:\/\/atravel.win\/destinations\/"},{"@type":"ListItem","position":3,"name":"Jordan"}]}]}},"_links":{"self":[{"href":"https:\/\/atravel.win\/pt\/wp-json\/wp\/v2\/pages\/6869","targetHints":{"allow":["GET"]}}],"collection":[{"href":"https:\/\/atravel.win\/pt\/wp-json\/wp\/v2\/pages"}],"about":[{"href":"https:\/\/atravel.win\/pt\/wp-json\/wp\/v2\/types\/page"}],"author":[{"embeddable":true,"href":"https:\/\/atravel.win\/pt\/wp-json\/wp\/v2\/users\/1"}],"replies":[{"embeddable":true,"href":"https:\/\/atravel.win\/pt\/wp-json\/wp\/v2\/comments?post=6869"}],"version-history":[{"count":23,"href":"https:\/\/atravel.win\/pt\/wp-json\/wp\/v2\/pages\/6869\/revisions"}],"predecessor-version":[{"id":7382,"href":"https:\/\/atravel.win\/pt\/wp-json\/wp\/v2\/pages\/6869\/revisions\/7382"}],"up":[{"embeddable":true,"href":"https:\/\/atravel.win\/pt\/wp-json\/wp\/v2\/pages\/5907"}],"wp:featuredmedia":[{"embeddable":true,"href":"https:\/\/atravel.win\/pt\/wp-json\/wp\/v2\/media\/6875"}],"wp:attachment":[{"href":"https:\/\/atravel.win\/pt\/wp-json\/wp\/v2\/media?parent=6869"}],"curies":[{"name":"wp","href":"https:\/\/api.w.org\/{rel}","templated":true}]}}