{"id":6889,"date":"2022-03-22T10:42:39","date_gmt":"2022-03-22T10:42:39","guid":{"rendered":"https:\/\/atravel.win\/?page_id=6889"},"modified":"2022-04-01T10:40:57","modified_gmt":"2022-04-01T10:40:57","slug":"saudi-arabi","status":"publish","type":"page","link":"https:\/\/atravel.win\/es\/destinations\/saudi-arabi\/","title":{"rendered":"Saudi Arabi"},"content":{"rendered":"<div data-elementor-type=\"wp-page\" data-elementor-id=\"6889\" class=\"elementor elementor-6889\">\n\t\t\t\t\t\t\t\t\t<section class=\"elementor-section elementor-top-section elementor-element elementor-element-dad4c0e elementor-section-height-min-height elementor-section-items-stretch elementor-section-content-middle elementor-section-boxed elementor-section-height-default\" data-id=\"dad4c0e\" data-element_type=\"section\" data-settings=\"{&quot;background_background&quot;:&quot;classic&quot;}\">\n\t\t\t\t\t\t\t<div class=\"elementor-background-overlay\"><\/div>\n\t\t\t\t\t\t\t<div class=\"elementor-container elementor-column-gap-default\">\n\t\t\t\t\t<div class=\"elementor-column elementor-col-100 elementor-top-column elementor-element elementor-element-3262db9\" data-id=\"3262db9\" data-element_type=\"column\">\n\t\t\t<div class=\"elementor-widget-wrap elementor-element-populated\">\n\t\t\t\t\t\t\t\t<div class=\"elementor-element elementor-element-5ee04a9 elementor-widget elementor-widget-heading\" data-id=\"5ee04a9\" data-element_type=\"widget\" data-widget_type=\"heading.default\">\n\t\t\t\t<div class=\"elementor-widget-container\">\n\t\t\t<style>\/*! elementor - v3.6.1 - 23-03-2022 *\/\n.elementor-heading-title{padding:0;margin:0;line-height:1}.elementor-widget-heading .elementor-heading-title[class*=elementor-size-]>a{color:inherit;font-size:inherit;line-height:inherit}.elementor-widget-heading .elementor-heading-title.elementor-size-small{font-size:15px}.elementor-widget-heading .elementor-heading-title.elementor-size-medium{font-size:19px}.elementor-widget-heading .elementor-heading-title.elementor-size-large{font-size:29px}.elementor-widget-heading .elementor-heading-title.elementor-size-xl{font-size:39px}.elementor-widget-heading .elementor-heading-title.elementor-size-xxl{font-size:59px}<\/style><h1 class=\"elementor-heading-title elementor-size-default\">Arabia Saudi<\/h1>\t\t<\/div>\n\t\t\t\t<\/div>\n\t\t\t\t\t<\/div>\n\t\t<\/div>\n\t\t\t\t\t\t\t<\/div>\n\t\t<\/section>\n\t\t\t\t<section class=\"elementor-section elementor-top-section elementor-element elementor-element-a9aafc5 elementor-section-boxed elementor-section-height-default elementor-section-height-default\" data-id=\"a9aafc5\" data-element_type=\"section\">\n\t\t\t\t\t\t<div class=\"elementor-container elementor-column-gap-default\">\n\t\t\t\t\t<div class=\"elementor-column elementor-col-100 elementor-top-column elementor-element elementor-element-8fd34c7\" data-id=\"8fd34c7\" data-element_type=\"column\">\n\t\t\t<div class=\"elementor-widget-wrap elementor-element-populated\">\n\t\t\t\t\t\t\t\t<div class=\"elementor-element elementor-element-bd816bd elementor-widget elementor-widget-text-editor\" data-id=\"bd816bd\" data-element_type=\"widget\" data-widget_type=\"text-editor.default\">\n\t\t\t\t<div class=\"elementor-widget-container\">\n\t\t\t<style>\/*! elementor - v3.6.1 - 23-03-2022 *\/\n.elementor-widget-text-editor.elementor-drop-cap-view-stacked .elementor-drop-cap{background-color:#818a91;color:#fff}.elementor-widget-text-editor.elementor-drop-cap-view-framed .elementor-drop-cap{color:#818a91;border:3px solid;background-color:transparent}.elementor-widget-text-editor:not(.elementor-drop-cap-view-default) .elementor-drop-cap{margin-top:8px}.elementor-widget-text-editor:not(.elementor-drop-cap-view-default) .elementor-drop-cap-letter{width:1em;height:1em}.elementor-widget-text-editor .elementor-drop-cap{float:left;text-align:center;line-height:1;font-size:50px}.elementor-widget-text-editor .elementor-drop-cap-letter{display:inline-block}<\/style>\t\t\t\t<p><span lang=\"en-US\">Arabia Saud\u00ed es un nuevo destino tur\u00edstico: el pa\u00eds ha abierto sus fronteras a los visitantes no hace mucho tiempo. El Reino es la cuna del Islam y la meca de la religi\u00f3n. Cada turista tiene la oportunidad de convertirse en un verdadero explorador. Visite los antiguos restos de AlUla, situados en lo m\u00e1s profundo del desierto, en la regi\u00f3n noroeste del pa\u00eds. AlUla es una herencia de 7000 a\u00f1os de civilizaci\u00f3n humana combinada con la modernidad. All\u00ed podr\u00e1 ver formaciones rocosas y ca\u00f1ones naturales, as\u00ed como posibilidades de practicar deportes de aventura e instalaciones art\u00edsticas de vanguardia. Las partes hist\u00f3ricas de AlUla est\u00e1n bajo la protecci\u00f3n de la UNESCO. Encu\u00e9ntrese en los zocos multiculturales de Yeddah, donde cada cent\u00edmetro est\u00e1 impregnado de cultura nacional. No se trata de una compra habitual, sino de una aut\u00e9ntica experiencia local. <\/span><\/p><p><span lang=\"en-US\">Comience su viaje en la capital del Reino, la ciudad de Riad, una metr\u00f3polis de 7 millones de habitantes donde los rascacielos crecen m\u00e1s r\u00e1pido que los \u00e1rboles. Aqu\u00ed podr\u00e1 ver el futurista rascacielos Burj Al-Mamlaka, con 99 plantas de oficinas y apartamentos de lujo. Contin\u00fae por uno de los centros tur\u00edsticos costeros: Arabia Saud\u00ed limita con el Mar Rojo y el Golfo P\u00e9rsico. Los m\u00e1s populares entre los turistas son Yanbu Al-Bahr, junto al Mar Rojo, y Al Fanateer Beach, junto al Golfo P\u00e9rsico. La rica fauna submarina hace que estos complejos sean ideales para la pesca y el submarinismo. Si se adentra en el pa\u00eds, explore el mayor Oasis Al Ahsa de Arabia Saud\u00ed. El Oasis se encuentra en la provincia oriental del pa\u00eds y sorprende desde el primer momento con sus 30 millones de palmeras de un verde intenso, la mayor finca de d\u00e1tiles del mundo. Algo que no debe perderse es la regulaci\u00f3n del gobierno local: el alcohol est\u00e1 prohibido en todo el pa\u00eds.<\/span><\/p>\t\t\t\t\t\t<\/div>\n\t\t\t\t<\/div>\n\t\t\t\t\t<\/div>\n\t\t<\/div>\n\t\t\t\t\t\t\t<\/div>\n\t\t<\/section>\n\t\t\t\t<section class=\"elementor-section elementor-top-section elementor-element elementor-element-5bdbb67 elementor-section-boxed elementor-section-height-default elementor-section-height-default\" data-id=\"5bdbb67\" data-element_type=\"section\">\n\t\t\t\t\t\t<div class=\"elementor-container elementor-column-gap-default\">\n\t\t\t\t\t<div class=\"elementor-column elementor-col-100 elementor-top-column elementor-element elementor-element-20981f8\" data-id=\"20981f8\" data-element_type=\"column\">\n\t\t\t<div class=\"elementor-widget-wrap elementor-element-populated\">\n\t\t\t\t\t\t\t\t<div class=\"elementor-element elementor-element-f903780 elementor-widget elementor-widget-image-carousel\" data-id=\"f903780\" data-element_type=\"widget\" data-settings=\"{&quot;slides_to_show&quot;:&quot;3&quot;,&quot;slides_to_scroll&quot;:&quot;1&quot;,&quot;navigation&quot;:&quot;none&quot;,&quot;autoplay&quot;:&quot;yes&quot;,&quot;pause_on_hover&quot;:&quot;yes&quot;,&quot;pause_on_interaction&quot;:&quot;yes&quot;,&quot;autoplay_speed&quot;:5000,&quot;infinite&quot;:&quot;yes&quot;,&quot;speed&quot;:500,&quot;image_spacing_custom&quot;:{&quot;unit&quot;:&quot;px&quot;,&quot;size&quot;:20,&quot;sizes&quot;:[]}}\" data-widget_type=\"image-carousel.default\">\n\t\t\t\t<div class=\"elementor-widget-container\">\n\t\t\t<style>\/*! elementor - v3.6.1 - 23-03-2022 *\/\n.elementor-widget-image-carousel .swiper-container{position:static}.elementor-widget-image-carousel .swiper-container .swiper-slide figure{line-height:inherit}.elementor-widget-image-carousel .swiper-slide{text-align:center}.elementor-image-carousel-wrapper:not(.swiper-container-initialized) .swiper-slide{max-width:calc(100% \/ var(--e-image-carousel-slides-to-show, 3))}<\/style>\t\t<div class=\"elementor-image-carousel-wrapper swiper-container\" dir=\"ltr\">\n\t\t\t<div class=\"elementor-image-carousel swiper-wrapper swiper-image-stretch\">\n\t\t\t\t\t\t\t\t<div class=\"swiper-slide\"><figure class=\"swiper-slide-inner\"><img decoding=\"async\" class=\"swiper-slide-image\" src=\"https:\/\/atravel.win\/wp-content\/uploads\/2022\/03\/saudi-1.png\" alt=\"saudi 1\" \/><\/figure><\/div><div class=\"swiper-slide\"><figure class=\"swiper-slide-inner\"><img decoding=\"async\" class=\"swiper-slide-image\" src=\"https:\/\/atravel.win\/wp-content\/uploads\/2022\/03\/saudi-3.png\" alt=\"saudi 3\" \/><\/figure><\/div><div class=\"swiper-slide\"><figure class=\"swiper-slide-inner\"><img decoding=\"async\" class=\"swiper-slide-image\" src=\"https:\/\/atravel.win\/wp-content\/uploads\/2022\/03\/saudi-2.png\" alt=\"saudi 2\" \/><\/figure><\/div>\t\t\t<\/div>\n\t\t\t\t\t\t\t\t\t\t\t\t\t\t\t\t<\/div>\n\t\t\t\t<\/div>\n\t\t\t\t<\/div>\n\t\t\t\t\t<\/div>\n\t\t<\/div>\n\t\t\t\t\t\t\t<\/div>\n\t\t<\/section>\n\t\t\t\t\t\t\t<\/div>","protected":false},"excerpt":{"rendered":"<p>Saudi Arabia Saudi Arabia is a new tourism destination \u2013 the country has opened its borders to visitors not a long ago. The Kingdom is a birthplace of Islam and religion mecca. Every tourist gets a chance to become a true explorer. Visit ancient AlUla remains, situated deep in the desert in the northwestern region&#8230;<\/p>","protected":false},"author":1,"featured_media":7061,"parent":5907,"menu_order":0,"comment_status":"closed","ping_status":"closed","template":"","meta":{"footnotes":""},"class_list":["post-6889","page","type-page","status-publish","has-post-thumbnail","hentry"],"yoast_head":"<!-- This site is optimized with the Yoast SEO Premium plugin v17.1 (Yoast SEO v17.1) - https:\/\/yoast.com\/wordpress\/plugins\/seo\/ -->\n<title>Saudi Arabia - religion mecca and AlUla remains<\/title>\n<meta name=\"description\" content=\"Saudi Arabia is a birthplace of Islam. Visit ancient AlUla remains or start your trip in the Saudi\u2019s capital - Riyadh city. Here you will see the Burj Al-Mamlaka skyscraper. Moving deeper, explore Saudi\u2019s largest Oasis Al Ahsa.\" \/>\n<meta name=\"robots\" content=\"index, follow, max-snippet:-1, max-image-preview:large, max-video-preview:-1\" \/>\n<link rel=\"canonical\" href=\"https:\/\/atravel.win\/es\/destinations\/saudi-arabi\/\" \/>\n<meta property=\"og:locale\" content=\"es_ES\" \/>\n<meta property=\"og:type\" content=\"article\" \/>\n<meta property=\"og:title\" content=\"Saudi Arabia - religion mecca and AlUla remains\" \/>\n<meta property=\"og:description\" content=\"Saudi Arabia is a birthplace of Islam. Visit ancient AlUla remains or start your trip in the Saudi\u2019s capital - Riyadh city. Here you will see the Burj Al-Mamlaka skyscraper. Moving deeper, explore Saudi\u2019s largest Oasis Al Ahsa.\" \/>\n<meta property=\"og:url\" content=\"https:\/\/atravel.win\/es\/destinations\/saudi-arabi\/\" \/>\n<meta property=\"og:site_name\" content=\"Atravel.win\" \/>\n<meta property=\"article:modified_time\" content=\"2022-04-01T10:40:57+00:00\" \/>\n<meta property=\"og:image\" content=\"https:\/\/atravel.win\/wp-content\/uploads\/2022\/03\/Saudi-Arabia.png\" \/>\n\t<meta property=\"og:image:width\" content=\"1980\" \/>\n\t<meta property=\"og:image:height\" content=\"650\" \/>\n<meta name=\"twitter:card\" content=\"summary_large_image\" \/>\n<meta name=\"twitter:title\" content=\"Saudi Arabia - religion mecca and AlUla remains\" \/>\n<meta name=\"twitter:description\" content=\"Saudi Arabia is a birthplace of Islam. Visit ancient AlUla remains or start your trip in the Saudi\u2019s capital - Riyadh city. Here you will see the Burj Al-Mamlaka skyscraper. Moving deeper, explore Saudi\u2019s largest Oasis Al Ahsa.\" \/>\n<meta name=\"twitter:label1\" content=\"Tiempo de lectura\" \/>\n\t<meta name=\"twitter:data1\" content=\"2 minutos\" \/>\n<script type=\"application\/ld+json\" class=\"yoast-schema-graph\">{\"@context\":\"https:\/\/schema.org\",\"@graph\":[{\"@type\":\"WebSite\",\"@id\":\"https:\/\/atravel.win\/#website\",\"url\":\"https:\/\/atravel.win\/\",\"name\":\"Atravel.win\",\"description\":\"Just another WordPress site\",\"potentialAction\":[{\"@type\":\"SearchAction\",\"target\":{\"@type\":\"EntryPoint\",\"urlTemplate\":\"https:\/\/atravel.win\/?s={search_term_string}\"},\"query-input\":\"required name=search_term_string\"}],\"inLanguage\":\"es\"},{\"@type\":\"ImageObject\",\"@id\":\"https:\/\/atravel.win\/destinations\/saudi-arabi\/#primaryimage\",\"inLanguage\":\"es\",\"url\":\"https:\/\/atravel.win\/wp-content\/uploads\/2022\/03\/Saudi-Arabia.png\",\"contentUrl\":\"https:\/\/atravel.win\/wp-content\/uploads\/2022\/03\/Saudi-Arabia.png\",\"width\":1980,\"height\":650},{\"@type\":\"WebPage\",\"@id\":\"https:\/\/atravel.win\/destinations\/saudi-arabi\/#webpage\",\"url\":\"https:\/\/atravel.win\/destinations\/saudi-arabi\/\",\"name\":\"Saudi Arabia - religion mecca and AlUla remains\",\"isPartOf\":{\"@id\":\"https:\/\/atravel.win\/#website\"},\"primaryImageOfPage\":{\"@id\":\"https:\/\/atravel.win\/destinations\/saudi-arabi\/#primaryimage\"},\"datePublished\":\"2022-03-22T10:42:39+00:00\",\"dateModified\":\"2022-04-01T10:40:57+00:00\",\"description\":\"Saudi Arabia is a birthplace of Islam. Visit ancient AlUla remains or start your trip in the Saudi\\u2019s capital - Riyadh city. Here you will see the Burj Al-Mamlaka skyscraper. Moving deeper, explore Saudi\\u2019s largest Oasis Al Ahsa.\",\"breadcrumb\":{\"@id\":\"https:\/\/atravel.win\/destinations\/saudi-arabi\/#breadcrumb\"},\"inLanguage\":\"es\",\"potentialAction\":[{\"@type\":\"ReadAction\",\"target\":[\"https:\/\/atravel.win\/destinations\/saudi-arabi\/\"]}]},{\"@type\":\"BreadcrumbList\",\"@id\":\"https:\/\/atravel.win\/destinations\/saudi-arabi\/#breadcrumb\",\"itemListElement\":[{\"@type\":\"ListItem\",\"position\":1,\"name\":\"\\u0413\\u043b\\u0430\\u0432\\u043d\\u0430\\u044f \\u0441\\u0442\\u0440\\u0430\\u043d\\u0438\\u0446\\u0430\",\"item\":\"https:\/\/atravel.win\/\"},{\"@type\":\"ListItem\",\"position\":2,\"name\":\"DESTINATIONS\",\"item\":\"https:\/\/atravel.win\/destinations\/\"},{\"@type\":\"ListItem\",\"position\":3,\"name\":\"Saudi Arabi\"}]}]}<\/script>\n<!-- \/ Yoast SEO Premium plugin. -->","yoast_head_json":{"title":"Saudi Arabia - religion mecca and AlUla remains","description":"Saudi Arabia is a birthplace of Islam. Visit ancient AlUla remains or start your trip in the Saudi\u2019s capital - Riyadh city. Here you will see the Burj Al-Mamlaka skyscraper. Moving deeper, explore Saudi\u2019s largest Oasis Al Ahsa.","robots":{"index":"index","follow":"follow","max-snippet":"max-snippet:-1","max-image-preview":"max-image-preview:large","max-video-preview":"max-video-preview:-1"},"canonical":"https:\/\/atravel.win\/es\/destinations\/saudi-arabi\/","og_locale":"es_ES","og_type":"article","og_title":"Saudi Arabia - religion mecca and AlUla remains","og_description":"Saudi Arabia is a birthplace of Islam. Visit ancient AlUla remains or start your trip in the Saudi\u2019s capital - Riyadh city. Here you will see the Burj Al-Mamlaka skyscraper. Moving deeper, explore Saudi\u2019s largest Oasis Al Ahsa.","og_url":"https:\/\/atravel.win\/es\/destinations\/saudi-arabi\/","og_site_name":"Atravel.win","article_modified_time":"2022-04-01T10:40:57+00:00","og_image":[{"width":1980,"height":650,"url":"https:\/\/atravel.win\/wp-content\/uploads\/2022\/03\/Saudi-Arabia.png","path":"\/home\/travello\/atravel.win\/wp-content\/uploads\/2022\/03\/Saudi-Arabia.png","size":"full","id":7061,"alt":"","pixels":1287000,"type":"image\/png"}],"twitter_card":"summary_large_image","twitter_title":"Saudi Arabia - religion mecca and AlUla remains","twitter_description":"Saudi Arabia is a birthplace of Islam. Visit ancient AlUla remains or start your trip in the Saudi\u2019s capital - Riyadh city. Here you will see the Burj Al-Mamlaka skyscraper. Moving deeper, explore Saudi\u2019s largest Oasis Al Ahsa.","twitter_misc":{"Tiempo de lectura":"2 minutos"},"schema":{"@context":"https:\/\/schema.org","@graph":[{"@type":"WebSite","@id":"https:\/\/atravel.win\/#website","url":"https:\/\/atravel.win\/","name":"Atravel.win","description":"Just another WordPress site","potentialAction":[{"@type":"SearchAction","target":{"@type":"EntryPoint","urlTemplate":"https:\/\/atravel.win\/?s={search_term_string}"},"query-input":"required name=search_term_string"}],"inLanguage":"es"},{"@type":"ImageObject","@id":"https:\/\/atravel.win\/destinations\/saudi-arabi\/#primaryimage","inLanguage":"es","url":"https:\/\/atravel.win\/wp-content\/uploads\/2022\/03\/Saudi-Arabia.png","contentUrl":"https:\/\/atravel.win\/wp-content\/uploads\/2022\/03\/Saudi-Arabia.png","width":1980,"height":650},{"@type":"WebPage","@id":"https:\/\/atravel.win\/destinations\/saudi-arabi\/#webpage","url":"https:\/\/atravel.win\/destinations\/saudi-arabi\/","name":"Saudi Arabia - religion mecca and AlUla remains","isPartOf":{"@id":"https:\/\/atravel.win\/#website"},"primaryImageOfPage":{"@id":"https:\/\/atravel.win\/destinations\/saudi-arabi\/#primaryimage"},"datePublished":"2022-03-22T10:42:39+00:00","dateModified":"2022-04-01T10:40:57+00:00","description":"Saudi Arabia is a birthplace of Islam. Visit ancient AlUla remains or start your trip in the Saudi\u2019s capital - Riyadh city. Here you will see the Burj Al-Mamlaka skyscraper. Moving deeper, explore Saudi\u2019s largest Oasis Al Ahsa.","breadcrumb":{"@id":"https:\/\/atravel.win\/destinations\/saudi-arabi\/#breadcrumb"},"inLanguage":"es","potentialAction":[{"@type":"ReadAction","target":["https:\/\/atravel.win\/destinations\/saudi-arabi\/"]}]},{"@type":"BreadcrumbList","@id":"https:\/\/atravel.win\/destinations\/saudi-arabi\/#breadcrumb","itemListElement":[{"@type":"ListItem","position":1,"name":"\u0413\u043b\u0430\u0432\u043d\u0430\u044f \u0441\u0442\u0440\u0430\u043d\u0438\u0446\u0430","item":"https:\/\/atravel.win\/"},{"@type":"ListItem","position":2,"name":"DESTINATIONS","item":"https:\/\/atravel.win\/destinations\/"},{"@type":"ListItem","position":3,"name":"Saudi Arabi"}]}]}},"_links":{"self":[{"href":"https:\/\/atravel.win\/es\/wp-json\/wp\/v2\/pages\/6889","targetHints":{"allow":["GET"]}}],"collection":[{"href":"https:\/\/atravel.win\/es\/wp-json\/wp\/v2\/pages"}],"about":[{"href":"https:\/\/atravel.win\/es\/wp-json\/wp\/v2\/types\/page"}],"author":[{"embeddable":true,"href":"https:\/\/atravel.win\/es\/wp-json\/wp\/v2\/users\/1"}],"replies":[{"embeddable":true,"href":"https:\/\/atravel.win\/es\/wp-json\/wp\/v2\/comments?post=6889"}],"version-history":[{"count":35,"href":"https:\/\/atravel.win\/es\/wp-json\/wp\/v2\/pages\/6889\/revisions"}],"predecessor-version":[{"id":7380,"href":"https:\/\/atravel.win\/es\/wp-json\/wp\/v2\/pages\/6889\/revisions\/7380"}],"up":[{"embeddable":true,"href":"https:\/\/atravel.win\/es\/wp-json\/wp\/v2\/pages\/5907"}],"wp:featuredmedia":[{"embeddable":true,"href":"https:\/\/atravel.win\/es\/wp-json\/wp\/v2\/media\/7061"}],"wp:attachment":[{"href":"https:\/\/atravel.win\/es\/wp-json\/wp\/v2\/media?parent=6889"}],"curies":[{"name":"wp","href":"https:\/\/api.w.org\/{rel}","templated":true}]}}