{"id":6869,"date":"2022-03-22T10:29:42","date_gmt":"2022-03-22T10:29:42","guid":{"rendered":"https:\/\/atravel.win\/?page_id=6869"},"modified":"2022-04-01T10:46:28","modified_gmt":"2022-04-01T10:46:28","slug":"jordan","status":"publish","type":"page","link":"https:\/\/atravel.win\/es\/destinations\/jordan\/","title":{"rendered":"Jordania"},"content":{"rendered":"<div data-elementor-type=\"wp-page\" data-elementor-id=\"6869\" class=\"elementor elementor-6869\">\n\t\t\t\t\t\t\t\t\t<section class=\"elementor-section elementor-top-section elementor-element elementor-element-dad4c0e elementor-section-height-min-height elementor-section-items-stretch elementor-section-content-middle elementor-section-boxed elementor-section-height-default\" data-id=\"dad4c0e\" data-element_type=\"section\" data-settings=\"{&quot;background_background&quot;:&quot;classic&quot;}\">\n\t\t\t\t\t\t\t<div class=\"elementor-background-overlay\"><\/div>\n\t\t\t\t\t\t\t<div class=\"elementor-container elementor-column-gap-default\">\n\t\t\t\t\t<div class=\"elementor-column elementor-col-100 elementor-top-column elementor-element elementor-element-3262db9\" data-id=\"3262db9\" data-element_type=\"column\">\n\t\t\t<div class=\"elementor-widget-wrap elementor-element-populated\">\n\t\t\t\t\t\t\t\t<div class=\"elementor-element elementor-element-5ee04a9 elementor-widget elementor-widget-heading\" data-id=\"5ee04a9\" data-element_type=\"widget\" data-widget_type=\"heading.default\">\n\t\t\t\t<div class=\"elementor-widget-container\">\n\t\t\t<style>\/*! elementor - v3.6.1 - 23-03-2022 *\/\n.elementor-heading-title{padding:0;margin:0;line-height:1}.elementor-widget-heading .elementor-heading-title[class*=elementor-size-]>a{color:inherit;font-size:inherit;line-height:inherit}.elementor-widget-heading .elementor-heading-title.elementor-size-small{font-size:15px}.elementor-widget-heading .elementor-heading-title.elementor-size-medium{font-size:19px}.elementor-widget-heading .elementor-heading-title.elementor-size-large{font-size:29px}.elementor-widget-heading .elementor-heading-title.elementor-size-xl{font-size:39px}.elementor-widget-heading .elementor-heading-title.elementor-size-xxl{font-size:59px}<\/style><h1 class=\"elementor-heading-title elementor-size-default\">Jordania <\/h1>\t\t<\/div>\n\t\t\t\t<\/div>\n\t\t\t\t\t<\/div>\n\t\t<\/div>\n\t\t\t\t\t\t\t<\/div>\n\t\t<\/section>\n\t\t\t\t<section class=\"elementor-section elementor-top-section elementor-element elementor-element-a9aafc5 elementor-section-boxed elementor-section-height-default elementor-section-height-default\" data-id=\"a9aafc5\" data-element_type=\"section\">\n\t\t\t\t\t\t<div class=\"elementor-container elementor-column-gap-default\">\n\t\t\t\t\t<div class=\"elementor-column elementor-col-100 elementor-top-column elementor-element elementor-element-8fd34c7\" data-id=\"8fd34c7\" data-element_type=\"column\">\n\t\t\t<div class=\"elementor-widget-wrap elementor-element-populated\">\n\t\t\t\t\t\t\t\t<div class=\"elementor-element elementor-element-bd816bd elementor-widget elementor-widget-text-editor\" data-id=\"bd816bd\" data-element_type=\"widget\" data-widget_type=\"text-editor.default\">\n\t\t\t\t<div class=\"elementor-widget-container\">\n\t\t\t<style>\/*! elementor - v3.6.1 - 23-03-2022 *\/\n.elementor-widget-text-editor.elementor-drop-cap-view-stacked .elementor-drop-cap{background-color:#818a91;color:#fff}.elementor-widget-text-editor.elementor-drop-cap-view-framed .elementor-drop-cap{color:#818a91;border:3px solid;background-color:transparent}.elementor-widget-text-editor:not(.elementor-drop-cap-view-default) .elementor-drop-cap{margin-top:8px}.elementor-widget-text-editor:not(.elementor-drop-cap-view-default) .elementor-drop-cap-letter{width:1em;height:1em}.elementor-widget-text-editor .elementor-drop-cap{float:left;text-align:center;line-height:1;font-size:50px}.elementor-widget-text-editor .elementor-drop-cap-letter{display:inline-block}<\/style>\t\t\t\t<p><span lang=\"en-US\">Pa\u00eds de castillos medievales de caballeros cruzados, lugares b\u00edblicos e incre\u00edbles paisajes des\u00e9rticos, Jordania es un verdadero reino con el rey Abdullah 2 ibn Hussein a la cabeza. Las mejores palabras para describir este pa\u00eds son: relajado, juguet\u00f3n y colorido. El sitio tur\u00edstico m\u00e1s famoso y popular es Petra. Esta ciudad es un conjunto arquitect\u00f3nico \u00fanico que combina cuevas, calles, tumbas, criptas palacios y templos excavados en rocas escarpadas. La mayor\u00eda de sus misterios no se han resuelto, ni siquiera se ha establecido con precisi\u00f3n la finalidad de la mayor\u00eda de los edificios. La fachada de Petra se hizo famosa gracias a la pel\u00edcula \"Indiana Jones\" <\/span><\/p><p><span lang=\"en-US\">La arquitectura de Jordania incluye la herencia de alcance del Imperio Romano. Una de las ciudades antiguas es Jerash. Esta ciudad tambi\u00e9n es conocida como Pompeya Oriental. Hace siglos, los arque\u00f3logos descubrieron las ruinas del asentamiento romano de Gerasa, que qued\u00f3 completamente destruido tras un fuerte terremoto en el siglo VII. El conjunto de la Ciudad Antigua asombra por su magnificencia.<\/span><\/p><p><span lang=\"en-US\">Los hu\u00e9spedes de MICE encontrar\u00e1n un conjunto de hoteles de nuevo dise\u00f1o con los modernos salones y salas de conferencias. Para el turismo de ocio, Jordania cuenta con Aqaba, un centro tur\u00edstico casi todo el a\u00f1o en el Mar Rojo. Atrae a los visitantes con sus playas de arena blanca, el buceo, los caf\u00e9s de marisco, los paseos mar\u00edtimos y las sofisticadas vistas del desierto. Otro complejo tur\u00edstico famoso en el Mar Rojo es Tala Bay. Sus visitantes disfrutan de las c\u00e1lidas aguas del mar y de unas vacaciones de alto nivel. Lo que tambi\u00e9n es especial en Jordania es el Mar Muerto. No hay grandes asentamientos en las costas, pero s\u00ed muchos peque\u00f1os centros y complejos tur\u00edsticos. Todos ellos est\u00e1n dise\u00f1ados para el tratamiento y el descanso tranquilo para el cuerpo y el alma. Ma'in es uno de los centros tur\u00edsticos m\u00e1s populares, a s\u00f3lo 20 minutos en coche del Mar Muerto. Aqu\u00ed sus invitados encontrar\u00e1n maravillosas cascadas termales. Est\u00e1 demostrado que su agua mineral favorece la circulaci\u00f3n sangu\u00ednea, la respiraci\u00f3n, la digesti\u00f3n y la relajaci\u00f3n. Y el \u00faltimo lugar que no debe pasarse por alto es el Mujib Nature Resort. El Wadi Al-Mujib es perfecto para dar largos paseos, hacer excursiones por los desfiladeros y escalar. <\/span><\/p>\t\t\t\t\t\t<\/div>\n\t\t\t\t<\/div>\n\t\t\t\t\t<\/div>\n\t\t<\/div>\n\t\t\t\t\t\t\t<\/div>\n\t\t<\/section>\n\t\t\t\t<section class=\"elementor-section elementor-top-section elementor-element elementor-element-5bdbb67 elementor-section-boxed elementor-section-height-default elementor-section-height-default\" data-id=\"5bdbb67\" data-element_type=\"section\">\n\t\t\t\t\t\t<div class=\"elementor-container elementor-column-gap-default\">\n\t\t\t\t\t<div class=\"elementor-column elementor-col-100 elementor-top-column elementor-element elementor-element-20981f8\" data-id=\"20981f8\" data-element_type=\"column\">\n\t\t\t<div class=\"elementor-widget-wrap elementor-element-populated\">\n\t\t\t\t\t\t\t\t<div class=\"elementor-element elementor-element-f903780 elementor-widget elementor-widget-image-carousel\" data-id=\"f903780\" data-element_type=\"widget\" data-settings=\"{&quot;slides_to_show&quot;:&quot;3&quot;,&quot;slides_to_scroll&quot;:&quot;1&quot;,&quot;navigation&quot;:&quot;none&quot;,&quot;autoplay&quot;:&quot;yes&quot;,&quot;pause_on_hover&quot;:&quot;yes&quot;,&quot;pause_on_interaction&quot;:&quot;yes&quot;,&quot;autoplay_speed&quot;:5000,&quot;infinite&quot;:&quot;yes&quot;,&quot;speed&quot;:500,&quot;image_spacing_custom&quot;:{&quot;unit&quot;:&quot;px&quot;,&quot;size&quot;:20,&quot;sizes&quot;:[]}}\" data-widget_type=\"image-carousel.default\">\n\t\t\t\t<div class=\"elementor-widget-container\">\n\t\t\t<style>\/*! elementor - v3.6.1 - 23-03-2022 *\/\n.elementor-widget-image-carousel .swiper-container{position:static}.elementor-widget-image-carousel .swiper-container .swiper-slide figure{line-height:inherit}.elementor-widget-image-carousel .swiper-slide{text-align:center}.elementor-image-carousel-wrapper:not(.swiper-container-initialized) .swiper-slide{max-width:calc(100% \/ var(--e-image-carousel-slides-to-show, 3))}<\/style>\t\t<div class=\"elementor-image-carousel-wrapper swiper-container\" dir=\"ltr\">\n\t\t\t<div class=\"elementor-image-carousel swiper-wrapper swiper-image-stretch\">\n\t\t\t\t\t\t\t\t<div class=\"swiper-slide\"><figure class=\"swiper-slide-inner\"><img decoding=\"async\" class=\"swiper-slide-image\" src=\"https:\/\/atravel.win\/wp-content\/uploads\/2022\/03\/jordan-1.png\" alt=\"jordan 1\" \/><\/figure><\/div><div class=\"swiper-slide\"><figure class=\"swiper-slide-inner\"><img decoding=\"async\" class=\"swiper-slide-image\" src=\"https:\/\/atravel.win\/wp-content\/uploads\/2022\/03\/jordan-2.png\" alt=\"jordan 2\" \/><\/figure><\/div><div class=\"swiper-slide\"><figure class=\"swiper-slide-inner\"><img decoding=\"async\" class=\"swiper-slide-image\" src=\"https:\/\/atravel.win\/wp-content\/uploads\/2022\/03\/jordan-3.png\" alt=\"jordan 3\" \/><\/figure><\/div>\t\t\t<\/div>\n\t\t\t\t\t\t\t\t\t\t\t\t\t\t\t\t<\/div>\n\t\t\t\t<\/div>\n\t\t\t\t<\/div>\n\t\t\t\t\t<\/div>\n\t\t<\/div>\n\t\t\t\t\t\t\t<\/div>\n\t\t<\/section>\n\t\t\t\t\t\t\t<\/div>","protected":false},"excerpt":{"rendered":"<p>Jordan A country of medieval castles of the Crusader Knights, biblical sites and amazing desert landscapes, Jordan is a real kingdom with King Abdullah 2 ibn Hussein at the head. The best words to describe this country are relaxed, leisurely and colorful. The most famous and popular among tourist sites is Petra. This city is&#8230;<\/p>","protected":false},"author":1,"featured_media":6875,"parent":5907,"menu_order":0,"comment_status":"closed","ping_status":"closed","template":"","meta":{"footnotes":""},"class_list":["post-6869","page","type-page","status-publish","has-post-thumbnail","hentry"],"yoast_head":"<!-- This site is optimized with the Yoast SEO Premium plugin v17.1 (Yoast SEO v17.1) - https:\/\/yoast.com\/wordpress\/plugins\/seo\/ -->\n<title>Jordan is the best destination for MICE, Leisure and VIP tourists<\/title>\n<meta name=\"description\" content=\"See Petra in Jordan and Jerash city. MICE customers will find newly designed hotels in Jordan.For Leisure and VIP tourism Jordan has Aqaba and Tala Bay. Visit Ma\u2019in by The Dead Sea.\" \/>\n<meta name=\"robots\" content=\"index, follow, max-snippet:-1, max-image-preview:large, max-video-preview:-1\" \/>\n<link rel=\"canonical\" href=\"https:\/\/atravel.win\/es\/destinations\/jordan\/\" \/>\n<meta property=\"og:locale\" content=\"es_ES\" \/>\n<meta property=\"og:type\" content=\"article\" \/>\n<meta property=\"og:title\" content=\"Jordan is the best destination for MICE, Leisure and VIP tourists\" \/>\n<meta property=\"og:description\" content=\"See Petra in Jordan and Jerash city. MICE customers will find newly designed hotels in Jordan.For Leisure and VIP tourism Jordan has Aqaba and Tala Bay. Visit Ma\u2019in by The Dead Sea.\" \/>\n<meta property=\"og:url\" content=\"https:\/\/atravel.win\/es\/destinations\/jordan\/\" \/>\n<meta property=\"og:site_name\" content=\"Atravel.win\" \/>\n<meta property=\"article:modified_time\" content=\"2022-04-01T10:46:28+00:00\" \/>\n<meta property=\"og:image\" content=\"https:\/\/atravel.win\/wp-content\/uploads\/2022\/03\/jordan-1.png\" \/>\n\t<meta property=\"og:image:width\" content=\"826\" \/>\n\t<meta property=\"og:image:height\" content=\"826\" \/>\n<meta name=\"twitter:card\" content=\"summary_large_image\" \/>\n<meta name=\"twitter:title\" content=\"Jordan is the best destination for MICE, Leisure and VIP tourists\" \/>\n<meta name=\"twitter:description\" content=\"See Petra in Jordan and Jerash city. MICE customers will find newly designed hotels in Jordan.For Leisure and VIP tourism Jordan has Aqaba and Tala Bay. Visit Ma\u2019in by The Dead Sea.\" \/>\n<meta name=\"twitter:label1\" content=\"Tiempo de lectura\" \/>\n\t<meta name=\"twitter:data1\" content=\"3 minutos\" \/>\n<script type=\"application\/ld+json\" class=\"yoast-schema-graph\">{\"@context\":\"https:\/\/schema.org\",\"@graph\":[{\"@type\":\"WebSite\",\"@id\":\"https:\/\/atravel.win\/#website\",\"url\":\"https:\/\/atravel.win\/\",\"name\":\"Atravel.win\",\"description\":\"Just another WordPress site\",\"potentialAction\":[{\"@type\":\"SearchAction\",\"target\":{\"@type\":\"EntryPoint\",\"urlTemplate\":\"https:\/\/atravel.win\/?s={search_term_string}\"},\"query-input\":\"required name=search_term_string\"}],\"inLanguage\":\"es\"},{\"@type\":\"ImageObject\",\"@id\":\"https:\/\/atravel.win\/destinations\/jordan\/#primaryimage\",\"inLanguage\":\"es\",\"url\":\"https:\/\/atravel.win\/wp-content\/uploads\/2022\/03\/jordan-1.png\",\"contentUrl\":\"https:\/\/atravel.win\/wp-content\/uploads\/2022\/03\/jordan-1.png\",\"width\":826,\"height\":826},{\"@type\":\"WebPage\",\"@id\":\"https:\/\/atravel.win\/destinations\/jordan\/#webpage\",\"url\":\"https:\/\/atravel.win\/destinations\/jordan\/\",\"name\":\"Jordan is the best destination for MICE, Leisure and VIP tourists\",\"isPartOf\":{\"@id\":\"https:\/\/atravel.win\/#website\"},\"primaryImageOfPage\":{\"@id\":\"https:\/\/atravel.win\/destinations\/jordan\/#primaryimage\"},\"datePublished\":\"2022-03-22T10:29:42+00:00\",\"dateModified\":\"2022-04-01T10:46:28+00:00\",\"description\":\"See Petra in Jordan and Jerash city. MICE customers will find newly designed hotels in Jordan.For Leisure and VIP tourism Jordan has Aqaba and Tala Bay. Visit Ma\\u2019in by The Dead Sea.\",\"breadcrumb\":{\"@id\":\"https:\/\/atravel.win\/destinations\/jordan\/#breadcrumb\"},\"inLanguage\":\"es\",\"potentialAction\":[{\"@type\":\"ReadAction\",\"target\":[\"https:\/\/atravel.win\/destinations\/jordan\/\"]}]},{\"@type\":\"BreadcrumbList\",\"@id\":\"https:\/\/atravel.win\/destinations\/jordan\/#breadcrumb\",\"itemListElement\":[{\"@type\":\"ListItem\",\"position\":1,\"name\":\"\\u0413\\u043b\\u0430\\u0432\\u043d\\u0430\\u044f \\u0441\\u0442\\u0440\\u0430\\u043d\\u0438\\u0446\\u0430\",\"item\":\"https:\/\/atravel.win\/\"},{\"@type\":\"ListItem\",\"position\":2,\"name\":\"DESTINATIONS\",\"item\":\"https:\/\/atravel.win\/destinations\/\"},{\"@type\":\"ListItem\",\"position\":3,\"name\":\"Jordan\"}]}]}<\/script>\n<!-- \/ Yoast SEO Premium plugin. -->","yoast_head_json":{"title":"Jordan is the best destination for MICE, Leisure and VIP tourists","description":"See Petra in Jordan and Jerash city. MICE customers will find newly designed hotels in Jordan.For Leisure and VIP tourism Jordan has Aqaba and Tala Bay. Visit Ma\u2019in by The Dead Sea.","robots":{"index":"index","follow":"follow","max-snippet":"max-snippet:-1","max-image-preview":"max-image-preview:large","max-video-preview":"max-video-preview:-1"},"canonical":"https:\/\/atravel.win\/es\/destinations\/jordan\/","og_locale":"es_ES","og_type":"article","og_title":"Jordan is the best destination for MICE, Leisure and VIP tourists","og_description":"See Petra in Jordan and Jerash city. MICE customers will find newly designed hotels in Jordan.For Leisure and VIP tourism Jordan has Aqaba and Tala Bay. Visit Ma\u2019in by The Dead Sea.","og_url":"https:\/\/atravel.win\/es\/destinations\/jordan\/","og_site_name":"Atravel.win","article_modified_time":"2022-04-01T10:46:28+00:00","og_image":[{"width":826,"height":826,"url":"https:\/\/atravel.win\/wp-content\/uploads\/2022\/03\/jordan-1.png","path":"\/home\/travello\/atravel.win\/wp-content\/uploads\/2022\/03\/jordan-1.png","size":"full","id":6875,"alt":"","pixels":682276,"type":"image\/png"}],"twitter_card":"summary_large_image","twitter_title":"Jordan is the best destination for MICE, Leisure and VIP tourists","twitter_description":"See Petra in Jordan and Jerash city. MICE customers will find newly designed hotels in Jordan.For Leisure and VIP tourism Jordan has Aqaba and Tala Bay. Visit Ma\u2019in by The Dead Sea.","twitter_misc":{"Tiempo de lectura":"3 minutos"},"schema":{"@context":"https:\/\/schema.org","@graph":[{"@type":"WebSite","@id":"https:\/\/atravel.win\/#website","url":"https:\/\/atravel.win\/","name":"Atravel.win","description":"Just another WordPress site","potentialAction":[{"@type":"SearchAction","target":{"@type":"EntryPoint","urlTemplate":"https:\/\/atravel.win\/?s={search_term_string}"},"query-input":"required name=search_term_string"}],"inLanguage":"es"},{"@type":"ImageObject","@id":"https:\/\/atravel.win\/destinations\/jordan\/#primaryimage","inLanguage":"es","url":"https:\/\/atravel.win\/wp-content\/uploads\/2022\/03\/jordan-1.png","contentUrl":"https:\/\/atravel.win\/wp-content\/uploads\/2022\/03\/jordan-1.png","width":826,"height":826},{"@type":"WebPage","@id":"https:\/\/atravel.win\/destinations\/jordan\/#webpage","url":"https:\/\/atravel.win\/destinations\/jordan\/","name":"Jordan is the best destination for MICE, Leisure and VIP tourists","isPartOf":{"@id":"https:\/\/atravel.win\/#website"},"primaryImageOfPage":{"@id":"https:\/\/atravel.win\/destinations\/jordan\/#primaryimage"},"datePublished":"2022-03-22T10:29:42+00:00","dateModified":"2022-04-01T10:46:28+00:00","description":"See Petra in Jordan and Jerash city. MICE customers will find newly designed hotels in Jordan.For Leisure and VIP tourism Jordan has Aqaba and Tala Bay. Visit Ma\u2019in by The Dead Sea.","breadcrumb":{"@id":"https:\/\/atravel.win\/destinations\/jordan\/#breadcrumb"},"inLanguage":"es","potentialAction":[{"@type":"ReadAction","target":["https:\/\/atravel.win\/destinations\/jordan\/"]}]},{"@type":"BreadcrumbList","@id":"https:\/\/atravel.win\/destinations\/jordan\/#breadcrumb","itemListElement":[{"@type":"ListItem","position":1,"name":"\u0413\u043b\u0430\u0432\u043d\u0430\u044f \u0441\u0442\u0440\u0430\u043d\u0438\u0446\u0430","item":"https:\/\/atravel.win\/"},{"@type":"ListItem","position":2,"name":"DESTINATIONS","item":"https:\/\/atravel.win\/destinations\/"},{"@type":"ListItem","position":3,"name":"Jordan"}]}]}},"_links":{"self":[{"href":"https:\/\/atravel.win\/es\/wp-json\/wp\/v2\/pages\/6869","targetHints":{"allow":["GET"]}}],"collection":[{"href":"https:\/\/atravel.win\/es\/wp-json\/wp\/v2\/pages"}],"about":[{"href":"https:\/\/atravel.win\/es\/wp-json\/wp\/v2\/types\/page"}],"author":[{"embeddable":true,"href":"https:\/\/atravel.win\/es\/wp-json\/wp\/v2\/users\/1"}],"replies":[{"embeddable":true,"href":"https:\/\/atravel.win\/es\/wp-json\/wp\/v2\/comments?post=6869"}],"version-history":[{"count":23,"href":"https:\/\/atravel.win\/es\/wp-json\/wp\/v2\/pages\/6869\/revisions"}],"predecessor-version":[{"id":7382,"href":"https:\/\/atravel.win\/es\/wp-json\/wp\/v2\/pages\/6869\/revisions\/7382"}],"up":[{"embeddable":true,"href":"https:\/\/atravel.win\/es\/wp-json\/wp\/v2\/pages\/5907"}],"wp:featuredmedia":[{"embeddable":true,"href":"https:\/\/atravel.win\/es\/wp-json\/wp\/v2\/media\/6875"}],"wp:attachment":[{"href":"https:\/\/atravel.win\/es\/wp-json\/wp\/v2\/media?parent=6869"}],"curies":[{"name":"wp","href":"https:\/\/api.w.org\/{rel}","templated":true}]}}