{"id":6843,"date":"2022-03-22T10:05:00","date_gmt":"2022-03-22T10:05:00","guid":{"rendered":"https:\/\/atravel.win\/?page_id=6843"},"modified":"2022-04-01T10:45:22","modified_gmt":"2022-04-01T10:45:22","slug":"oman","status":"publish","type":"page","link":"https:\/\/atravel.win\/es\/destinations\/oman\/","title":{"rendered":"Om\u00e1n"},"content":{"rendered":"<div data-elementor-type=\"wp-page\" data-elementor-id=\"6843\" class=\"elementor elementor-6843\">\n\t\t\t\t\t\t\t\t\t<section class=\"elementor-section elementor-top-section elementor-element elementor-element-dad4c0e elementor-section-height-min-height elementor-section-items-stretch elementor-section-content-middle elementor-section-boxed elementor-section-height-default\" data-id=\"dad4c0e\" data-element_type=\"section\" data-settings=\"{&quot;background_background&quot;:&quot;classic&quot;}\">\n\t\t\t\t\t\t\t<div class=\"elementor-background-overlay\"><\/div>\n\t\t\t\t\t\t\t<div class=\"elementor-container elementor-column-gap-default\">\n\t\t\t\t\t<div class=\"elementor-column elementor-col-100 elementor-top-column elementor-element elementor-element-3262db9\" data-id=\"3262db9\" data-element_type=\"column\">\n\t\t\t<div class=\"elementor-widget-wrap elementor-element-populated\">\n\t\t\t\t\t\t\t\t<div class=\"elementor-element elementor-element-5ee04a9 elementor-widget elementor-widget-heading\" data-id=\"5ee04a9\" data-element_type=\"widget\" data-widget_type=\"heading.default\">\n\t\t\t\t<div class=\"elementor-widget-container\">\n\t\t\t<style>\/*! elementor - v3.6.1 - 23-03-2022 *\/\n.elementor-heading-title{padding:0;margin:0;line-height:1}.elementor-widget-heading .elementor-heading-title[class*=elementor-size-]>a{color:inherit;font-size:inherit;line-height:inherit}.elementor-widget-heading .elementor-heading-title.elementor-size-small{font-size:15px}.elementor-widget-heading .elementor-heading-title.elementor-size-medium{font-size:19px}.elementor-widget-heading .elementor-heading-title.elementor-size-large{font-size:29px}.elementor-widget-heading .elementor-heading-title.elementor-size-xl{font-size:39px}.elementor-widget-heading .elementor-heading-title.elementor-size-xxl{font-size:59px}<\/style><h1 class=\"elementor-heading-title elementor-size-default\">Om\u00e1n<\/h1>\t\t<\/div>\n\t\t\t\t<\/div>\n\t\t\t\t\t<\/div>\n\t\t<\/div>\n\t\t\t\t\t\t\t<\/div>\n\t\t<\/section>\n\t\t\t\t<section class=\"elementor-section elementor-top-section elementor-element elementor-element-a9aafc5 elementor-section-boxed elementor-section-height-default elementor-section-height-default\" data-id=\"a9aafc5\" data-element_type=\"section\">\n\t\t\t\t\t\t<div class=\"elementor-container elementor-column-gap-default\">\n\t\t\t\t\t<div class=\"elementor-column elementor-col-100 elementor-top-column elementor-element elementor-element-8fd34c7\" data-id=\"8fd34c7\" data-element_type=\"column\">\n\t\t\t<div class=\"elementor-widget-wrap elementor-element-populated\">\n\t\t\t\t\t\t\t\t<div class=\"elementor-element elementor-element-bd816bd elementor-widget elementor-widget-text-editor\" data-id=\"bd816bd\" data-element_type=\"widget\" data-widget_type=\"text-editor.default\">\n\t\t\t\t<div class=\"elementor-widget-container\">\n\t\t\t<style>\/*! elementor - v3.6.1 - 23-03-2022 *\/\n.elementor-widget-text-editor.elementor-drop-cap-view-stacked .elementor-drop-cap{background-color:#818a91;color:#fff}.elementor-widget-text-editor.elementor-drop-cap-view-framed .elementor-drop-cap{color:#818a91;border:3px solid;background-color:transparent}.elementor-widget-text-editor:not(.elementor-drop-cap-view-default) .elementor-drop-cap{margin-top:8px}.elementor-widget-text-editor:not(.elementor-drop-cap-view-default) .elementor-drop-cap-letter{width:1em;height:1em}.elementor-widget-text-editor .elementor-drop-cap{float:left;text-align:center;line-height:1;font-size:50px}.elementor-widget-text-editor .elementor-drop-cap-letter{display:inline-block}<\/style>\t\t\t\t<p><span lang=\"en-US\">Om\u00e1n es uno de los estados m\u00e1s antiguos de Oriente Medio, con una rica historia. Hace aproximadamente 40 a\u00f1os, Om\u00e1n estaba cerrado a los turistas, pero ahora esta industria se est\u00e1 desarrollando r\u00e1pidamente y hay razones para ello. En comparaci\u00f3n con los EAU, Om\u00e1n es m\u00e1s verde y la vida marina est\u00e1 mejor representada all\u00ed. Esto convierte al pa\u00eds en un destino atractivo para los amantes de la pesca. Los incentivos en el mar se convertir\u00e1n en una aventura sorprendente, sobre todo si se consigue pescar un pez de gran tama\u00f1o, que puede ser incluso tan alto como un hombre. El clima aqu\u00ed es tropical, pero no \u00e1rido. <\/span><\/p><p><span lang=\"en-US\">El paisaje natural de Om\u00e1n se compone de costa, monta\u00f1as, desiertos y valles. Un paisaje realmente impresionante. Las monta\u00f1as de Al Hajar son id\u00f3neas para el senderismo, y lo que tambi\u00e9n merece la pena mencionar es que all\u00ed se encuentran complejos tur\u00edsticos aislados, que descubren la belleza de la flora de Om\u00e1n. En la costa tendr\u00e1 la oportunidad de ver las raras tortugas de carey. <\/span><\/p><p><span lang=\"en-US\">Este destino es perfecto para aquellos que quieran vivir una aut\u00e9ntica experiencia \u00e1rabe. Adem\u00e1s de los mejores alojamientos y modernos hoteles con instalaciones para conferencias en la capital del pa\u00eds, Mascate, sus visitantes ver\u00e1n el patrimonio hist\u00f3rico: antiguas mezquitas, palacios reales y zocos. Nizwa es otra ciudad con historia. Explore el fuerte de Nizwa, construido para la defensa de la ciudad, o pasee por el zoco de Nizwa para sentir el colorido \u00e1rabe. <\/span><\/p>\t\t\t\t\t\t<\/div>\n\t\t\t\t<\/div>\n\t\t\t\t\t<\/div>\n\t\t<\/div>\n\t\t\t\t\t\t\t<\/div>\n\t\t<\/section>\n\t\t\t\t<section class=\"elementor-section elementor-top-section elementor-element elementor-element-5bdbb67 elementor-section-boxed elementor-section-height-default elementor-section-height-default\" data-id=\"5bdbb67\" data-element_type=\"section\">\n\t\t\t\t\t\t<div class=\"elementor-container elementor-column-gap-default\">\n\t\t\t\t\t<div class=\"elementor-column elementor-col-100 elementor-top-column elementor-element elementor-element-20981f8\" data-id=\"20981f8\" data-element_type=\"column\">\n\t\t\t<div class=\"elementor-widget-wrap elementor-element-populated\">\n\t\t\t\t\t\t\t\t<div class=\"elementor-element elementor-element-f903780 elementor-widget elementor-widget-image-carousel\" data-id=\"f903780\" data-element_type=\"widget\" data-settings=\"{&quot;slides_to_show&quot;:&quot;3&quot;,&quot;slides_to_scroll&quot;:&quot;1&quot;,&quot;navigation&quot;:&quot;none&quot;,&quot;autoplay&quot;:&quot;yes&quot;,&quot;pause_on_hover&quot;:&quot;yes&quot;,&quot;pause_on_interaction&quot;:&quot;yes&quot;,&quot;autoplay_speed&quot;:5000,&quot;infinite&quot;:&quot;yes&quot;,&quot;speed&quot;:500,&quot;image_spacing_custom&quot;:{&quot;unit&quot;:&quot;px&quot;,&quot;size&quot;:20,&quot;sizes&quot;:[]}}\" data-widget_type=\"image-carousel.default\">\n\t\t\t\t<div class=\"elementor-widget-container\">\n\t\t\t<style>\/*! elementor - v3.6.1 - 23-03-2022 *\/\n.elementor-widget-image-carousel .swiper-container{position:static}.elementor-widget-image-carousel .swiper-container .swiper-slide figure{line-height:inherit}.elementor-widget-image-carousel .swiper-slide{text-align:center}.elementor-image-carousel-wrapper:not(.swiper-container-initialized) .swiper-slide{max-width:calc(100% \/ var(--e-image-carousel-slides-to-show, 3))}<\/style>\t\t<div class=\"elementor-image-carousel-wrapper swiper-container\" dir=\"ltr\">\n\t\t\t<div class=\"elementor-image-carousel swiper-wrapper swiper-image-stretch\">\n\t\t\t\t\t\t\t\t<div class=\"swiper-slide\"><figure class=\"swiper-slide-inner\"><img decoding=\"async\" class=\"swiper-slide-image\" src=\"https:\/\/atravel.win\/wp-content\/uploads\/2022\/03\/Oman-1.jpg\" alt=\"Oman 1\" \/><\/figure><\/div><div class=\"swiper-slide\"><figure class=\"swiper-slide-inner\"><img decoding=\"async\" class=\"swiper-slide-image\" src=\"https:\/\/atravel.win\/wp-content\/uploads\/2022\/03\/Oman-2.png\" alt=\"Oman 2\" \/><\/figure><\/div><div class=\"swiper-slide\"><figure class=\"swiper-slide-inner\"><img decoding=\"async\" class=\"swiper-slide-image\" src=\"https:\/\/atravel.win\/wp-content\/uploads\/2022\/03\/Oman-3.png\" alt=\"Oman 3\" \/><\/figure><\/div>\t\t\t<\/div>\n\t\t\t\t\t\t\t\t\t\t\t\t\t\t\t\t<\/div>\n\t\t\t\t<\/div>\n\t\t\t\t<\/div>\n\t\t\t\t\t<\/div>\n\t\t<\/div>\n\t\t\t\t\t\t\t<\/div>\n\t\t<\/section>\n\t\t\t\t\t\t\t<\/div>","protected":false},"excerpt":{"rendered":"<p>Oman Oman is one the most ancient states of The Middle East with a rich history. Approximately 40 years ago Oman was closed for tourists, but now this industry is developing rapidly and there are reasons for it. In comparison with The UAE, Oman is greener and marine life is represented better there. It makes&#8230;<\/p>","protected":false},"author":1,"featured_media":6849,"parent":5907,"menu_order":0,"comment_status":"closed","ping_status":"closed","template":"","meta":{"footnotes":""},"class_list":["post-6843","page","type-page","status-publish","has-post-thumbnail","hentry"],"yoast_head":"<!-- This site is optimized with the Yoast SEO Premium plugin v17.1 (Yoast SEO v17.1) - https:\/\/yoast.com\/wordpress\/plugins\/seo\/ -->\n<title>Oman: fishing, trip to Al Hajar and Nizwa<\/title>\n<meta name=\"description\" content=\"Fishing in Oman and incentives in the sea are ideal for MICE tourists. Hiking in Al Hajar mountains fits well for Leisure and VIP tourists. Oman has a rich history. Visit Nizwa city to explore it.\" \/>\n<meta name=\"robots\" content=\"index, follow, max-snippet:-1, max-image-preview:large, max-video-preview:-1\" \/>\n<link rel=\"canonical\" href=\"https:\/\/atravel.win\/es\/destinations\/oman\/\" \/>\n<meta property=\"og:locale\" content=\"es_ES\" \/>\n<meta property=\"og:type\" content=\"article\" \/>\n<meta property=\"og:title\" content=\"Oman: fishing, trip to Al Hajar and Nizwa\" \/>\n<meta property=\"og:description\" content=\"Fishing in Oman and incentives in the sea are ideal for MICE tourists. Hiking in Al Hajar mountains fits well for Leisure and VIP tourists. Oman has a rich history. Visit Nizwa city to explore it.\" \/>\n<meta property=\"og:url\" content=\"https:\/\/atravel.win\/es\/destinations\/oman\/\" \/>\n<meta property=\"og:site_name\" content=\"Atravel.win\" \/>\n<meta property=\"article:modified_time\" content=\"2022-04-01T10:45:22+00:00\" \/>\n<meta property=\"og:image\" content=\"https:\/\/atravel.win\/wp-content\/uploads\/2022\/03\/head-oman.jpg\" \/>\n\t<meta property=\"og:image:width\" content=\"1800\" \/>\n\t<meta property=\"og:image:height\" content=\"650\" \/>\n<meta name=\"twitter:card\" content=\"summary_large_image\" \/>\n<meta name=\"twitter:title\" content=\"Oman: fishing, trip to Al Hajar and Nizwa\" \/>\n<meta name=\"twitter:description\" content=\"Fishing in Oman and incentives in the sea are ideal for MICE tourists. Hiking in Al Hajar mountains fits well for Leisure and VIP tourists. Oman has a rich history. Visit Nizwa city to explore it.\" \/>\n<meta name=\"twitter:label1\" content=\"Tiempo de lectura\" \/>\n\t<meta name=\"twitter:data1\" content=\"2 minutos\" \/>\n<script type=\"application\/ld+json\" class=\"yoast-schema-graph\">{\"@context\":\"https:\/\/schema.org\",\"@graph\":[{\"@type\":\"WebSite\",\"@id\":\"https:\/\/atravel.win\/#website\",\"url\":\"https:\/\/atravel.win\/\",\"name\":\"Atravel.win\",\"description\":\"Just another WordPress site\",\"potentialAction\":[{\"@type\":\"SearchAction\",\"target\":{\"@type\":\"EntryPoint\",\"urlTemplate\":\"https:\/\/atravel.win\/?s={search_term_string}\"},\"query-input\":\"required name=search_term_string\"}],\"inLanguage\":\"es\"},{\"@type\":\"ImageObject\",\"@id\":\"https:\/\/atravel.win\/destinations\/oman\/#primaryimage\",\"inLanguage\":\"es\",\"url\":\"https:\/\/atravel.win\/wp-content\/uploads\/2022\/03\/head-oman.jpg\",\"contentUrl\":\"https:\/\/atravel.win\/wp-content\/uploads\/2022\/03\/head-oman.jpg\",\"width\":1800,\"height\":650},{\"@type\":\"WebPage\",\"@id\":\"https:\/\/atravel.win\/destinations\/oman\/#webpage\",\"url\":\"https:\/\/atravel.win\/destinations\/oman\/\",\"name\":\"Oman: fishing, trip to Al Hajar and Nizwa\",\"isPartOf\":{\"@id\":\"https:\/\/atravel.win\/#website\"},\"primaryImageOfPage\":{\"@id\":\"https:\/\/atravel.win\/destinations\/oman\/#primaryimage\"},\"datePublished\":\"2022-03-22T10:05:00+00:00\",\"dateModified\":\"2022-04-01T10:45:22+00:00\",\"description\":\"Fishing in Oman and incentives in the sea are ideal for MICE tourists. Hiking in Al Hajar mountains fits well for Leisure and VIP tourists. Oman has a rich history. Visit Nizwa city to explore it.\",\"breadcrumb\":{\"@id\":\"https:\/\/atravel.win\/destinations\/oman\/#breadcrumb\"},\"inLanguage\":\"es\",\"potentialAction\":[{\"@type\":\"ReadAction\",\"target\":[\"https:\/\/atravel.win\/destinations\/oman\/\"]}]},{\"@type\":\"BreadcrumbList\",\"@id\":\"https:\/\/atravel.win\/destinations\/oman\/#breadcrumb\",\"itemListElement\":[{\"@type\":\"ListItem\",\"position\":1,\"name\":\"\\u0413\\u043b\\u0430\\u0432\\u043d\\u0430\\u044f \\u0441\\u0442\\u0440\\u0430\\u043d\\u0438\\u0446\\u0430\",\"item\":\"https:\/\/atravel.win\/\"},{\"@type\":\"ListItem\",\"position\":2,\"name\":\"DESTINATIONS\",\"item\":\"https:\/\/atravel.win\/destinations\/\"},{\"@type\":\"ListItem\",\"position\":3,\"name\":\"Oman\"}]}]}<\/script>\n<!-- \/ Yoast SEO Premium plugin. -->","yoast_head_json":{"title":"Oman: fishing, trip to Al Hajar and Nizwa","description":"Fishing in Oman and incentives in the sea are ideal for MICE tourists. Hiking in Al Hajar mountains fits well for Leisure and VIP tourists. Oman has a rich history. Visit Nizwa city to explore it.","robots":{"index":"index","follow":"follow","max-snippet":"max-snippet:-1","max-image-preview":"max-image-preview:large","max-video-preview":"max-video-preview:-1"},"canonical":"https:\/\/atravel.win\/es\/destinations\/oman\/","og_locale":"es_ES","og_type":"article","og_title":"Oman: fishing, trip to Al Hajar and Nizwa","og_description":"Fishing in Oman and incentives in the sea are ideal for MICE tourists. Hiking in Al Hajar mountains fits well for Leisure and VIP tourists. Oman has a rich history. Visit Nizwa city to explore it.","og_url":"https:\/\/atravel.win\/es\/destinations\/oman\/","og_site_name":"Atravel.win","article_modified_time":"2022-04-01T10:45:22+00:00","og_image":[{"width":1800,"height":650,"url":"https:\/\/atravel.win\/wp-content\/uploads\/2022\/03\/head-oman.jpg","path":"\/home\/travello\/atravel.win\/wp-content\/uploads\/2022\/03\/head-oman.jpg","size":"full","id":6849,"alt":"","pixels":1170000,"type":"image\/jpeg"}],"twitter_card":"summary_large_image","twitter_title":"Oman: fishing, trip to Al Hajar and Nizwa","twitter_description":"Fishing in Oman and incentives in the sea are ideal for MICE tourists. Hiking in Al Hajar mountains fits well for Leisure and VIP tourists. Oman has a rich history. Visit Nizwa city to explore it.","twitter_misc":{"Tiempo de lectura":"2 minutos"},"schema":{"@context":"https:\/\/schema.org","@graph":[{"@type":"WebSite","@id":"https:\/\/atravel.win\/#website","url":"https:\/\/atravel.win\/","name":"Atravel.win","description":"Just another WordPress site","potentialAction":[{"@type":"SearchAction","target":{"@type":"EntryPoint","urlTemplate":"https:\/\/atravel.win\/?s={search_term_string}"},"query-input":"required name=search_term_string"}],"inLanguage":"es"},{"@type":"ImageObject","@id":"https:\/\/atravel.win\/destinations\/oman\/#primaryimage","inLanguage":"es","url":"https:\/\/atravel.win\/wp-content\/uploads\/2022\/03\/head-oman.jpg","contentUrl":"https:\/\/atravel.win\/wp-content\/uploads\/2022\/03\/head-oman.jpg","width":1800,"height":650},{"@type":"WebPage","@id":"https:\/\/atravel.win\/destinations\/oman\/#webpage","url":"https:\/\/atravel.win\/destinations\/oman\/","name":"Oman: fishing, trip to Al Hajar and Nizwa","isPartOf":{"@id":"https:\/\/atravel.win\/#website"},"primaryImageOfPage":{"@id":"https:\/\/atravel.win\/destinations\/oman\/#primaryimage"},"datePublished":"2022-03-22T10:05:00+00:00","dateModified":"2022-04-01T10:45:22+00:00","description":"Fishing in Oman and incentives in the sea are ideal for MICE tourists. Hiking in Al Hajar mountains fits well for Leisure and VIP tourists. Oman has a rich history. Visit Nizwa city to explore it.","breadcrumb":{"@id":"https:\/\/atravel.win\/destinations\/oman\/#breadcrumb"},"inLanguage":"es","potentialAction":[{"@type":"ReadAction","target":["https:\/\/atravel.win\/destinations\/oman\/"]}]},{"@type":"BreadcrumbList","@id":"https:\/\/atravel.win\/destinations\/oman\/#breadcrumb","itemListElement":[{"@type":"ListItem","position":1,"name":"\u0413\u043b\u0430\u0432\u043d\u0430\u044f \u0441\u0442\u0440\u0430\u043d\u0438\u0446\u0430","item":"https:\/\/atravel.win\/"},{"@type":"ListItem","position":2,"name":"DESTINATIONS","item":"https:\/\/atravel.win\/destinations\/"},{"@type":"ListItem","position":3,"name":"Oman"}]}]}},"_links":{"self":[{"href":"https:\/\/atravel.win\/es\/wp-json\/wp\/v2\/pages\/6843","targetHints":{"allow":["GET"]}}],"collection":[{"href":"https:\/\/atravel.win\/es\/wp-json\/wp\/v2\/pages"}],"about":[{"href":"https:\/\/atravel.win\/es\/wp-json\/wp\/v2\/types\/page"}],"author":[{"embeddable":true,"href":"https:\/\/atravel.win\/es\/wp-json\/wp\/v2\/users\/1"}],"replies":[{"embeddable":true,"href":"https:\/\/atravel.win\/es\/wp-json\/wp\/v2\/comments?post=6843"}],"version-history":[{"count":27,"href":"https:\/\/atravel.win\/es\/wp-json\/wp\/v2\/pages\/6843\/revisions"}],"predecessor-version":[{"id":7381,"href":"https:\/\/atravel.win\/es\/wp-json\/wp\/v2\/pages\/6843\/revisions\/7381"}],"up":[{"embeddable":true,"href":"https:\/\/atravel.win\/es\/wp-json\/wp\/v2\/pages\/5907"}],"wp:featuredmedia":[{"embeddable":true,"href":"https:\/\/atravel.win\/es\/wp-json\/wp\/v2\/media\/6849"}],"wp:attachment":[{"href":"https:\/\/atravel.win\/es\/wp-json\/wp\/v2\/media?parent=6843"}],"curies":[{"name":"wp","href":"https:\/\/api.w.org\/{rel}","templated":true}]}}